{"id":2415,"date":"2025-06-02T14:27:18","date_gmt":"2025-06-02T12:27:18","guid":{"rendered":"https:\/\/basecampvega.no\/?page_id=2415"},"modified":"2025-06-02T14:30:34","modified_gmt":"2025-06-02T12:30:34","slug":"personvern","status":"publish","type":"page","link":"https:\/\/basecampvega.no\/de\/personvern\/","title":{"rendered":"Datenschutz"},"content":{"rendered":"<div data-elementor-type=\"wp-page\" data-elementor-id=\"2415\" class=\"elementor elementor-2415\" data-elementor-post-type=\"page\">\n\t\t\t\t<div class=\"elementor-element elementor-element-3a8b7d2 e-con-full e-flex e-con e-parent\" data-id=\"3a8b7d2\" data-element_type=\"container\" data-e-type=\"container\" data-settings=\"{&quot;background_background&quot;:&quot;gradient&quot;}\">\n\t\t<div class=\"elementor-element elementor-element-c29516d e-con-full e-flex e-con e-child\" data-id=\"c29516d\" data-element_type=\"container\" data-e-type=\"container\" data-settings=\"{&quot;background_background&quot;:&quot;classic&quot;}\">\n\t\t<div class=\"elementor-element elementor-element-58c53f4 e-flex e-con-boxed e-con e-child\" data-id=\"58c53f4\" data-element_type=\"container\" data-e-type=\"container\">\n\t\t\t\t\t<div class=\"e-con-inner\">\n\t\t<div class=\"elementor-element elementor-element-9d100e0 e-con-full e-flex e-con e-child\" data-id=\"9d100e0\" data-element_type=\"container\" data-e-type=\"container\">\n\t\t\t\t<div class=\"elementor-element elementor-element-602e2aa elementor-widget__width-inherit elementor-widget-tablet__width-inherit elementor-invisible elementor-widget elementor-widget-heading\" data-id=\"602e2aa\" data-element_type=\"widget\" data-e-type=\"widget\" data-settings=\"{&quot;_animation&quot;:&quot;fadeIn&quot;,&quot;_animation_delay&quot;:200}\" data-widget_type=\"heading.default\">\n\t\t\t\t<div class=\"elementor-widget-container\">\n\t\t\t\t\t<h1 class=\"elementor-heading-title elementor-size-default\">Datenschutz<\/h1>\t\t\t\t<\/div>\n\t\t\t\t<\/div>\n\t\t\t\t<div class=\"elementor-element elementor-element-01b6daf elementor-widget-divider--view-line elementor-invisible elementor-widget elementor-widget-divider\" data-id=\"01b6daf\" data-element_type=\"widget\" data-e-type=\"widget\" data-settings=\"{&quot;_animation&quot;:&quot;fadeIn&quot;,&quot;_animation_delay&quot;:600}\" data-widget_type=\"divider.default\">\n\t\t\t\t<div class=\"elementor-widget-container\">\n\t\t\t\t\t\t\t<div class=\"elementor-divider\">\n\t\t\t<span class=\"elementor-divider-separator\">\n\t\t\t\t\t\t<\/span>\n\t\t<\/div>\n\t\t\t\t\t\t<\/div>\n\t\t\t\t<\/div>\n\t\t\t\t<\/div>\n\t\t<div class=\"elementor-element elementor-element-8e4fd9e e-con-full e-flex e-con e-child\" data-id=\"8e4fd9e\" data-element_type=\"container\" data-e-type=\"container\">\n\t\t\t\t<div class=\"elementor-element elementor-element-fa164ce elementor-shape-circle e-grid-align-right e-grid-align-tablet-left elementor-grid-0 elementor-invisible elementor-widget elementor-widget-social-icons\" data-id=\"fa164ce\" data-element_type=\"widget\" data-e-type=\"widget\" data-settings=\"{&quot;_animation&quot;:&quot;fadeIn&quot;,&quot;_animation_delay&quot;:600}\" data-widget_type=\"social-icons.default\">\n\t\t\t\t<div class=\"elementor-widget-container\">\n\t\t\t\t\t\t\t<div class=\"elementor-social-icons-wrapper elementor-grid\" role=\"list\">\n\t\t\t\t\t\t\t<span class=\"elementor-grid-item\" role=\"listitem\">\n\t\t\t\t\t<a class=\"elementor-icon elementor-social-icon elementor-social-icon-facebook-f elementor-repeater-item-913587e\" href=\"https:\/\/www.facebook.com\/basecampvega\" target=\"_blank\">\n\t\t\t\t\t\t<span class=\"elementor-screen-only\">Facebook-f<\/span>\n\t\t\t\t\t\t<svg aria-hidden=\"true\" class=\"e-font-icon-svg e-fab-facebook-f\" viewbox=\"0 0 320 512\" xmlns=\"http:\/\/www.w3.org\/2000\/svg\"><path d=\"M279.14 288l14.22-92.66h-88.91v-60.13c0-25.35 12.42-50.06 52.24-50.06h40.42V6.26S260.43 0 225.36 0c-73.22 0-121.08 44.38-121.08 124.72v70.62H22.89V288h81.39v224h100.17V288z\"><\/path><\/svg>\t\t\t\t\t<\/a>\n\t\t\t\t<\/span>\n\t\t\t\t\t\t\t<span class=\"elementor-grid-item\" role=\"listitem\">\n\t\t\t\t\t<a class=\"elementor-icon elementor-social-icon elementor-social-icon-instagram elementor-repeater-item-b2219bd\" href=\"https:\/\/www.instagram.com\/basecamp.vega\/\" target=\"_blank\">\n\t\t\t\t\t\t<span class=\"elementor-screen-only\">Instagram<\/span>\n\t\t\t\t\t\t<svg aria-hidden=\"true\" class=\"e-font-icon-svg e-fab-instagram\" viewbox=\"0 0 448 512\" xmlns=\"http:\/\/www.w3.org\/2000\/svg\"><path d=\"M224.1 141c-63.6 0-114.9 51.3-114.9 114.9s51.3 114.9 114.9 114.9S339 319.5 339 255.9 287.7 141 224.1 141zm0 189.6c-41.1 0-74.7-33.5-74.7-74.7s33.5-74.7 74.7-74.7 74.7 33.5 74.7 74.7-33.6 74.7-74.7 74.7zm146.4-194.3c0 14.9-12 26.8-26.8 26.8-14.9 0-26.8-12-26.8-26.8s12-26.8 26.8-26.8 26.8 12 26.8 26.8zm76.1 27.2c-1.7-35.9-9.9-67.7-36.2-93.9-26.2-26.2-58-34.4-93.9-36.2-37-2.1-147.9-2.1-184.9 0-35.8 1.7-67.6 9.9-93.9 36.1s-34.4 58-36.2 93.9c-2.1 37-2.1 147.9 0 184.9 1.7 35.9 9.9 67.7 36.2 93.9s58 34.4 93.9 36.2c37 2.1 147.9 2.1 184.9 0 35.9-1.7 67.7-9.9 93.9-36.2 26.2-26.2 34.4-58 36.2-93.9 2.1-37 2.1-147.8 0-184.8zM398.8 388c-7.8 19.6-22.9 34.7-42.6 42.6-29.5 11.7-99.5 9-132.1 9s-102.7 2.6-132.1-9c-19.6-7.8-34.7-22.9-42.6-42.6-11.7-29.5-9-99.5-9-132.1s-2.6-102.7 9-132.1c7.8-19.6 22.9-34.7 42.6-42.6 29.5-11.7 99.5-9 132.1-9s102.7-2.6 132.1 9c19.6 7.8 34.7 22.9 42.6 42.6 11.7 29.5 9 99.5 9 132.1s2.7 102.7-9 132.1z\"><\/path><\/svg>\t\t\t\t\t<\/a>\n\t\t\t\t<\/span>\n\t\t\t\t\t<\/div>\n\t\t\t\t\t\t<\/div>\n\t\t\t\t<\/div>\n\t\t\t\t<\/div>\n\t\t\t\t\t<\/div>\n\t\t\t\t<\/div>\n\t\t\t\t<\/div>\n\t\t\t\t<\/div>\n\t\t<div class=\"elementor-element elementor-element-1ed8585 e-flex e-con-boxed e-con e-parent\" data-id=\"1ed8585\" data-element_type=\"container\" data-e-type=\"container\">\n\t\t\t\t\t<div class=\"e-con-inner\">\n\t\t\t\t<div class=\"elementor-element elementor-element-494b8c6 elementor-widget elementor-widget-text-editor\" data-id=\"494b8c6\" data-element_type=\"widget\" data-e-type=\"widget\" data-widget_type=\"text-editor.default\">\n\t\t\t\t<div class=\"elementor-widget-container\">\n\t\t\t\t\t\t\t\t\t<h2>Datenschutzerkl\u00e4rung f\u00fcr Base Camp Vega und www.basecampvega.no<\/h2><p><span style=\"font-weight: 400;\">Diese Datenschutzerkl\u00e4rung beschreibt, welche Arten von personenbezogenen Daten Base Camp Vega erhebt und wie diese verarbeitet werden.<\/span><\/p><p><span style=\"font-weight: 400;\">Base Camp Vega h\u00e4lt sich an das norwegische Datenschutzgesetz. Diese Erkl\u00e4rung wurde gem\u00e4\u00df den Anforderungen der \u00a7\u00a7 18 und 19 des Datenschutzgesetzes verfasst.<\/span><\/p><h3>Was sind personenbezogene Daten<\/h3><p><span style=\"font-weight: 400;\">Personenbezogene Daten sind Informationen \u00fcber eine bestimmte Person. Dazu z\u00e4hlen unter anderem Name, Adresse, Arbeitsplatz, Familienstand, Telefonnummer, E-Mail-Adresse usw. Auch Informationen \u00fcber deinen Kontakt mit Base Camp Vega, den Anlass und die Art des Kontakts gelten als personenbezogene Daten.<\/span><\/p><p><span style=\"font-weight: 400;\">Base Camp Vega erhebt oder verwendet keine sensiblen personenbezogenen Daten wie strafrechtliche Informationen, Gesundheitsdaten oder \u00e4hnliche Informationen.<\/span><\/p><p><span style=\"font-weight: 400;\">Weitere Informationen \u00fcber personenbezogene Daten im Allgemeinen findest du unter: https:\/\/www.datatilsynet.no\/om-personvern\/personopplysninger\/<\/span><\/p><h3>Wer ist f\u00fcr die Verarbeitung deiner Daten verantwortlich<\/h3><p><span style=\"font-weight: 400;\">Die Office Managerin von Base Camp Vega ist f\u00fcr die Verarbeitung personenbezogener Daten im Unternehmen verantwortlich. Im Falle einer sp\u00e4teren Delegation betrifft dies lediglich die Aufgaben, die Verantwortung verbleibt stets bei Base Camp Vega.<\/span><\/p><h3>Welche personenbezogenen Daten Base Camp Vega erh\u00e4lt<\/h3><p><span style=\"font-weight: 400;\">Base Camp Vega bezieht personenbezogene Daten aus zwei Quellen, beide basieren auf \u00a7 8 des Datenschutzgesetzes.<\/span><\/p><p><span style=\"font-weight: 400;\">Die Hauptquelle sind die Angaben, die du selbst machst \u2013 in der Regel \u00fcber das Kontaktformular auf der Webseite von Base Camp Vega. Dieses Formular dient als Schnittstelle zwischen potenziellen\/bestehenden Kunden und Base Camp Vega. Das Ausf\u00fcllen des Formulars ist freiwillig; du kannst die Seite auch passiv besuchen. Erhobene Daten sind Name, E-Mail und Telefonnummer.<\/span><\/p><p><span style=\"font-weight: 400;\">Im Anschluss an das Kontaktformular k\u00f6nnen weitere personenbezogene Daten durch E-Mail, Telefon oder \u00e4hnliche Kommunikation zwischen dir und Base Camp Vega entstehen.<\/span><\/p><p><span style=\"font-weight: 400;\">Eine weitere Quelle sind Daten, die Base Camp Vega selbst erhebt \u2013 \u00fcber Google Analytics. Diese Plattform erfasst z.\u202fB. deine Verweildauer auf der Seite, IP-Adresse, Klickverhalten und Nutzerzahlen zu verschiedenen Zeiten.<\/span><\/p><h3>Wie Base Camp Vega deine Daten verwendet<\/h3><p><span style=\"font-weight: 400;\">Das Ziel des Kontaktformulars und der anschlie\u00dfenden Kommunikation ist es, Anfragen zu beantworten und Kundenbeziehungen zu pflegen. Eine offene Kommunikationsplattform zwischen Base Camp Vega und seinen Kunden ist essenziell f\u00fcr eine funktionierende Zusammenarbeit.<\/span><\/p><p><span style=\"font-weight: 400;\">Ziel der \u00fcber Google Analytics gesammelten Informationen ist es, die Benutzerfreundlichkeit der Webseite zu verbessern \u2013 etwa durch optimierte Layouts, bessere Servicequalit\u00e4t, Sicherheitsverbesserungen und Schutz vor kriminellen Aktivit\u00e4ten wie Hacking.<\/span><\/p><p><span style=\"font-weight: 400;\">Die rechtliche Grundlage f\u00fcr die Datenverarbeitung bei Base Camp Vega ist \u00a7 11 des Datenschutzgesetzes.<\/span><\/p><h3>Wie du deine Daten verwalten kannst<\/h3><p><span style=\"font-weight: 400;\">Die bei Base Camp Vega erhobenen personenbezogenen Daten sind im Vergleich zu anderen Anbietern sehr begrenzt. Daher gibt es keine Nutzeroberfl\u00e4che zur Verwaltung von Einstellungen wie App-Berechtigungen oder personalisierter Werbung \u2013 denn solche Daten werden nicht verwendet.<\/span><\/p><p><span style=\"font-weight: 400;\">Trotzdem hast du Rechte in Bezug auf deine Daten, wie unten beschrieben.<\/span><\/p><h3>Weitergabe von Daten an Dritte<\/h3><p><span style=\"font-weight: 400;\">Base Camp Vega gibt keine Daten aus dem Kontaktformular oder anderen Quellen an Dritte weiter. Sollte dies doch notwendig sein, wird zuvor immer deine Zustimmung eingeholt.<\/span><\/p><h3>Sichere Speicherung, L\u00f6schung und interne Kontrolle<\/h3><p><span style=\"font-weight: 400;\">Gem\u00e4\u00df \u00a7 13 des Datenschutzgesetzes werden personenbezogene Daten w\u00e4hrend der Zusammenarbeit sicher per E-Mail oder Server gespeichert. Nach Beendigung der Zusammenarbeit werden alle Daten innerhalb von 2 Jahren gel\u00f6scht.<\/span><\/p><p><span style=\"font-weight: 400;\">Base Camp Vega unterliegt einer internen Kontrolle zur Sicherstellung, dass Speicherung, Sicherheit und L\u00f6schung rechtskonform erfolgen.<\/span><\/p><h3>Deine Rechte<\/h3><p><span style=\"font-weight: 400;\">Laut Datenschutzgesetz hast du als Nutzer oder Kunde folgende Rechte: Recht auf Vergessenwerden, Recht auf Daten\u00fcbertragbarkeit, Auskunftsrecht und Widerspruchsrecht gegen Profiling.<\/span><\/p><p><span style=\"font-weight: 400;\">Das Recht auf Vergessenwerden bedeutet, dass du verlangen kannst, dass alle \u00fcber dich gespeicherten Daten gel\u00f6scht werden. Auch ohne eine solche Anfrage l\u00f6scht Base Camp Vega die meisten Daten sp\u00e4testens zwei Jahre nach dem letzten Kontakt.<\/span><\/p><p><span style=\"font-weight: 400;\">Mit dem Recht auf Daten\u00fcbertragbarkeit kannst du eine digitale Kopie deiner bei Base Camp Vega gespeicherten Daten anfordern \u2013 und diese ggf. an einen anderen Anbieter \u00fcbertragen lassen, sofern dies technisch m\u00f6glich ist. Darunter fallen Daten, die du selbst (z.\u202fB. \u00fcber das Kontaktformular) angegeben hast oder automatisch generierte Nutzungsdaten.<\/span><\/p><p><span style=\"font-weight: 400;\">Das Auskunftsrecht erlaubt dir, Einsicht in die bei Base Camp Vega gespeicherten Daten zu verlangen.<\/span><\/p><p><span style=\"font-weight: 400;\">Das Widerspruchsrecht gegen Profiling bedeutet, dass du Base Camp Vega untersagen kannst, dein Verhalten zu analysieren und Dienste daraufhin anzupassen. Typische Beispiele w\u00e4ren personalisierte Werbung, Marktanalysen usw. Dies ist bei Base Camp Vega jedoch nicht relevant, da solche Analysen nicht durchgef\u00fchrt werden.<\/span><\/p><p><span style=\"font-weight: 400;\">Wenn du eines dieser Rechte aus\u00fcben m\u00f6chtest, kontaktiere uns. Du hast gesetzlich Anspruch auf eine Antwort innerhalb eines Monats.<\/span><\/p><h3>Datenschutz von Kindern<\/h3><p><span style=\"font-weight: 400;\">Base Camp Vega hat weder das Interesse noch den Bedarf, personenbezogene Daten von Kindern unter 16 Jahren zu sammeln oder zu verarbeiten. Solche Informationen m\u00fcssen \u00fcber Erziehungsberechtigte erfolgen.<\/span><\/p><p><span style=\"font-weight: 400;\">Sollten Daten von Kindern bekannt werden, werden sie umgehend gel\u00f6scht.<\/span><\/p><h3>Datenschutzbeauftragter<\/h3><p><span style=\"font-weight: 400;\">Base Camp Vega hat keinen Datenschutzbeauftragten, da das Unternehmen weder eine \u00f6ffentliche Stelle ist, noch sensible Daten verarbeitet oder systematische \u00dcberwachung durchf\u00fchrt.<\/span><\/p><h3>\u00c4nderungen der Datenschutzerkl\u00e4rung<\/h3><p><span style=\"font-weight: 400;\">Base Camp Vega wird diese Datenschutzerkl\u00e4rung gelegentlich aktualisieren, um sicherzustellen, dass sie den gesetzlichen Anforderungen entspricht. \u00dcber \u00c4nderungen wirst du informiert.<\/span><\/p><h3>Kontaktinformationen<\/h3><p><span style=\"font-weight: 400;\">Wenn du Fragen zu dieser Datenschutzerkl\u00e4rung oder andere Anliegen hast, kannst du dich an uns wenden:<\/span><\/p><p><span style=\"font-weight: 400;\">Telefon: (+47) 47 67 49 07<\/span><\/p><p><span style=\"font-weight: 400;\">E-Mail: info@basecampvega.no<\/span><\/p>\t\t\t\t\t\t\t\t<\/div>\n\t\t\t\t<\/div>\n\t\t\t\t\t<\/div>\n\t\t\t\t<\/div>\n\t\t\t\t<\/div>","protected":false},"excerpt":{"rendered":"<p>Personvern Facebook-f Instagram Personvernerkl\u00e6ring for Base Camp Vega og www.basecampvega.no Denne personvernerkl\u00e6ringen beskriver hva slags personopplysninger Base Camp Vega samler inn og hvordan disse personopplysningene behandles. Base Camp Vega forholder seg til den norske personopplysningsloven. Denne personvernerkl\u00e6ringen er laget etter kravene i personopplysningsloven \u00a7\u00a7 18 og 19. Hva er personopplysninger Personopplysninger er informasjon om den [&hellip;]<\/p>\n","protected":false},"author":1,"featured_media":0,"parent":0,"menu_order":0,"comment_status":"closed","ping_status":"closed","template":"","meta":{"footnotes":""},"class_list":["post-2415","page","type-page","status-publish","hentry"],"yoast_head":"<!-- This site is optimized with the Yoast SEO plugin v27.0 - https:\/\/yoast.com\/product\/yoast-seo-wordpress\/ -->\n<title>Personvern - Base Camp Vega<\/title>\n<meta name=\"robots\" content=\"noindex, follow\" \/>\n<meta property=\"og:locale\" content=\"de_DE\" \/>\n<meta property=\"og:type\" content=\"article\" \/>\n<meta property=\"og:title\" content=\"Personvern - Base Camp Vega\" \/>\n<meta property=\"og:description\" content=\"Personvern Facebook-f Instagram Personvernerkl\u00e6ring for Base Camp Vega og www.basecampvega.no Denne personvernerkl\u00e6ringen beskriver hva slags personopplysninger Base Camp Vega samler inn og hvordan disse personopplysningene behandles. Base Camp Vega forholder seg til den norske personopplysningsloven. Denne personvernerkl\u00e6ringen er laget etter kravene i personopplysningsloven \u00a7\u00a7 18 og 19. Hva er personopplysninger Personopplysninger er informasjon om den [&hellip;]\" \/>\n<meta property=\"og:url\" content=\"https:\/\/basecampvega.no\/de\/personvern\/\" \/>\n<meta property=\"og:site_name\" content=\"Base Camp Vega\" \/>\n<meta property=\"article:modified_time\" content=\"2025-06-02T12:30:34+00:00\" \/>\n<meta name=\"twitter:card\" content=\"summary_large_image\" \/>\n<meta name=\"twitter:label1\" content=\"Gesch\u00e4tzte Lesezeit\" \/>\n\t<meta name=\"twitter:data1\" content=\"6\u00a0Minuten\" \/>\n<script type=\"application\/ld+json\" class=\"yoast-schema-graph\">{\"@context\":\"https:\/\/schema.org\",\"@graph\":[{\"@type\":\"WebPage\",\"@id\":\"https:\/\/basecampvega.no\/personvern\/\",\"url\":\"https:\/\/basecampvega.no\/personvern\/\",\"name\":\"Personvern - Base Camp Vega\",\"isPartOf\":{\"@id\":\"https:\/\/www.basecampvega.no\/#website\"},\"datePublished\":\"2025-06-02T12:27:18+00:00\",\"dateModified\":\"2025-06-02T12:30:34+00:00\",\"breadcrumb\":{\"@id\":\"https:\/\/basecampvega.no\/personvern\/#breadcrumb\"},\"inLanguage\":\"de\",\"potentialAction\":[{\"@type\":\"ReadAction\",\"target\":[\"https:\/\/basecampvega.no\/personvern\/\"]}]},{\"@type\":\"BreadcrumbList\",\"@id\":\"https:\/\/basecampvega.no\/personvern\/#breadcrumb\",\"itemListElement\":[{\"@type\":\"ListItem\",\"position\":1,\"name\":\"Hjem\",\"item\":\"https:\/\/basecampvega.no\/\"},{\"@type\":\"ListItem\",\"position\":2,\"name\":\"Personvern\"}]},{\"@type\":\"WebSite\",\"@id\":\"https:\/\/www.basecampvega.no\/#website\",\"url\":\"https:\/\/www.basecampvega.no\/\",\"name\":\"Base Camp Vega\",\"description\":\"Overnatting og aktiviteter p\u00e5 Vega\",\"publisher\":{\"@id\":\"https:\/\/www.basecampvega.no\/#organization\"},\"potentialAction\":[{\"@type\":\"SearchAction\",\"target\":{\"@type\":\"EntryPoint\",\"urlTemplate\":\"https:\/\/www.basecampvega.no\/?s={search_term_string}\"},\"query-input\":{\"@type\":\"PropertyValueSpecification\",\"valueRequired\":true,\"valueName\":\"search_term_string\"}}],\"inLanguage\":\"de\"},{\"@type\":\"Organization\",\"@id\":\"https:\/\/www.basecampvega.no\/#organization\",\"name\":\"Base Camp Vega\",\"url\":\"https:\/\/www.basecampvega.no\/\",\"logo\":{\"@type\":\"ImageObject\",\"inLanguage\":\"de\",\"@id\":\"https:\/\/www.basecampvega.no\/#\/schema\/logo\/image\/\",\"url\":\"https:\/\/basecampvega.no\/wp-content\/uploads\/2024\/04\/logobasecamp-scaled.png\",\"contentUrl\":\"https:\/\/basecampvega.no\/wp-content\/uploads\/2024\/04\/logobasecamp-scaled.png\",\"width\":2048,\"height\":2048,\"caption\":\"Base Camp Vega\"},\"image\":{\"@id\":\"https:\/\/www.basecampvega.no\/#\/schema\/logo\/image\/\"}}]}<\/script>\n<!-- \/ Yoast SEO plugin. -->","yoast_head_json":{"title":"Personvern - Base Camp Vega","robots":{"index":"noindex","follow":"follow"},"og_locale":"de_DE","og_type":"article","og_title":"Personvern - Base Camp Vega","og_description":"Personvern Facebook-f Instagram Personvernerkl\u00e6ring for Base Camp Vega og www.basecampvega.no Denne personvernerkl\u00e6ringen beskriver hva slags personopplysninger Base Camp Vega samler inn og hvordan disse personopplysningene behandles. Base Camp Vega forholder seg til den norske personopplysningsloven. Denne personvernerkl\u00e6ringen er laget etter kravene i personopplysningsloven \u00a7\u00a7 18 og 19. Hva er personopplysninger Personopplysninger er informasjon om den [&hellip;]","og_url":"https:\/\/basecampvega.no\/de\/personvern\/","og_site_name":"Base Camp Vega","article_modified_time":"2025-06-02T12:30:34+00:00","twitter_card":"summary_large_image","twitter_misc":{"Gesch\u00e4tzte Lesezeit":"6\u00a0Minuten"},"schema":{"@context":"https:\/\/schema.org","@graph":[{"@type":"WebPage","@id":"https:\/\/basecampvega.no\/personvern\/","url":"https:\/\/basecampvega.no\/personvern\/","name":"Personvern - Base Camp Vega","isPartOf":{"@id":"https:\/\/www.basecampvega.no\/#website"},"datePublished":"2025-06-02T12:27:18+00:00","dateModified":"2025-06-02T12:30:34+00:00","breadcrumb":{"@id":"https:\/\/basecampvega.no\/personvern\/#breadcrumb"},"inLanguage":"de","potentialAction":[{"@type":"ReadAction","target":["https:\/\/basecampvega.no\/personvern\/"]}]},{"@type":"BreadcrumbList","@id":"https:\/\/basecampvega.no\/personvern\/#breadcrumb","itemListElement":[{"@type":"ListItem","position":1,"name":"Hjem","item":"https:\/\/basecampvega.no\/"},{"@type":"ListItem","position":2,"name":"Personvern"}]},{"@type":"WebSite","@id":"https:\/\/www.basecampvega.no\/#website","url":"https:\/\/www.basecampvega.no\/","name":"Base Camp Vega","description":"Overnatting og aktiviteter p\u00e5 Vega","publisher":{"@id":"https:\/\/www.basecampvega.no\/#organization"},"potentialAction":[{"@type":"SearchAction","target":{"@type":"EntryPoint","urlTemplate":"https:\/\/www.basecampvega.no\/?s={search_term_string}"},"query-input":{"@type":"PropertyValueSpecification","valueRequired":true,"valueName":"search_term_string"}}],"inLanguage":"de"},{"@type":"Organization","@id":"https:\/\/www.basecampvega.no\/#organization","name":"Base Camp Vega","url":"https:\/\/www.basecampvega.no\/","logo":{"@type":"ImageObject","inLanguage":"de","@id":"https:\/\/www.basecampvega.no\/#\/schema\/logo\/image\/","url":"https:\/\/basecampvega.no\/wp-content\/uploads\/2024\/04\/logobasecamp-scaled.png","contentUrl":"https:\/\/basecampvega.no\/wp-content\/uploads\/2024\/04\/logobasecamp-scaled.png","width":2048,"height":2048,"caption":"Base Camp Vega"},"image":{"@id":"https:\/\/www.basecampvega.no\/#\/schema\/logo\/image\/"}}]}},"_links":{"self":[{"href":"https:\/\/basecampvega.no\/de\/wp-json\/wp\/v2\/pages\/2415","targetHints":{"allow":["GET"]}}],"collection":[{"href":"https:\/\/basecampvega.no\/de\/wp-json\/wp\/v2\/pages"}],"about":[{"href":"https:\/\/basecampvega.no\/de\/wp-json\/wp\/v2\/types\/page"}],"author":[{"embeddable":true,"href":"https:\/\/basecampvega.no\/de\/wp-json\/wp\/v2\/users\/1"}],"replies":[{"embeddable":true,"href":"https:\/\/basecampvega.no\/de\/wp-json\/wp\/v2\/comments?post=2415"}],"version-history":[{"count":4,"href":"https:\/\/basecampvega.no\/de\/wp-json\/wp\/v2\/pages\/2415\/revisions"}],"predecessor-version":[{"id":2420,"href":"https:\/\/basecampvega.no\/de\/wp-json\/wp\/v2\/pages\/2415\/revisions\/2420"}],"wp:attachment":[{"href":"https:\/\/basecampvega.no\/de\/wp-json\/wp\/v2\/media?parent=2415"}],"curies":[{"name":"wp","href":"https:\/\/api.w.org\/{rel}","templated":true}]}}