{"id":833,"date":"2025-04-15T16:49:10","date_gmt":"2025-04-15T14:49:10","guid":{"rendered":"https:\/\/basecampvega.hornstaging.no\/?page_id=833"},"modified":"2026-02-23T12:45:35","modified_gmt":"2026-02-23T11:45:35","slug":"stornierungsbedingungen","status":"publish","type":"page","link":"https:\/\/basecampvega.no\/de\/avbestillingsregler\/","title":{"rendered":"Stornierungsbedingungen"},"content":{"rendered":"<div data-elementor-type=\"wp-page\" data-elementor-id=\"833\" class=\"elementor elementor-833\" data-elementor-post-type=\"page\">\n\t\t\t\t<div class=\"elementor-element elementor-element-548ff59 e-con-full e-flex e-con e-parent\" data-id=\"548ff59\" data-element_type=\"container\" data-e-type=\"container\" data-settings=\"{&quot;background_background&quot;:&quot;gradient&quot;}\">\n\t\t<div class=\"elementor-element elementor-element-acaf6f8 e-con-full e-flex e-con e-child\" data-id=\"acaf6f8\" data-element_type=\"container\" data-e-type=\"container\" data-settings=\"{&quot;background_background&quot;:&quot;classic&quot;}\">\n\t\t<div class=\"elementor-element elementor-element-d11eb65 e-flex e-con-boxed e-con e-child\" data-id=\"d11eb65\" data-element_type=\"container\" data-e-type=\"container\">\n\t\t\t\t\t<div class=\"e-con-inner\">\n\t\t<div class=\"elementor-element elementor-element-31e77a9 e-con-full e-flex e-con e-child\" data-id=\"31e77a9\" data-element_type=\"container\" data-e-type=\"container\">\n\t\t\t\t<div class=\"elementor-element elementor-element-b303b0a elementor-widget-divider--view-line_text elementor-widget-divider--element-align-left elementor-widget__width-inherit elementor-invisible elementor-widget elementor-widget-divider\" data-id=\"b303b0a\" data-element_type=\"widget\" data-e-type=\"widget\" data-settings=\"{&quot;_animation&quot;:&quot;fadeIn&quot;}\" data-widget_type=\"divider.default\">\n\t\t\t\t<div class=\"elementor-widget-container\">\n\t\t\t\t\t\t\t<div class=\"elementor-divider\">\n\t\t\t<span class=\"elementor-divider-separator\">\n\t\t\t\t\t\t\t<span class=\"elementor-divider__text elementor-divider__element\">\n\t\t\t\tBase Camp Vega\t\t\t\t<\/span>\n\t\t\t\t\t\t<\/span>\n\t\t<\/div>\n\t\t\t\t\t\t<\/div>\n\t\t\t\t<\/div>\n\t\t\t\t<div class=\"elementor-element elementor-element-de5074b elementor-widget__width-inherit elementor-widget-tablet__width-inherit elementor-invisible elementor-widget elementor-widget-heading\" data-id=\"de5074b\" data-element_type=\"widget\" data-e-type=\"widget\" data-settings=\"{&quot;_animation&quot;:&quot;fadeIn&quot;,&quot;_animation_delay&quot;:200}\" data-widget_type=\"heading.default\">\n\t\t\t\t<div class=\"elementor-widget-container\">\n\t\t\t\t\t<h1 class=\"elementor-heading-title elementor-size-default\">Stornierungsbedingungen<\/h1>\t\t\t\t<\/div>\n\t\t\t\t<\/div>\n\t\t\t\t<div class=\"elementor-element elementor-element-90148a8 elementor-widget-divider--view-line elementor-invisible elementor-widget elementor-widget-divider\" data-id=\"90148a8\" data-element_type=\"widget\" data-e-type=\"widget\" data-settings=\"{&quot;_animation&quot;:&quot;fadeIn&quot;,&quot;_animation_delay&quot;:600}\" data-widget_type=\"divider.default\">\n\t\t\t\t<div class=\"elementor-widget-container\">\n\t\t\t\t\t\t\t<div class=\"elementor-divider\">\n\t\t\t<span class=\"elementor-divider-separator\">\n\t\t\t\t\t\t<\/span>\n\t\t<\/div>\n\t\t\t\t\t\t<\/div>\n\t\t\t\t<\/div>\n\t\t\t\t<\/div>\n\t\t<div class=\"elementor-element elementor-element-9dadf92 e-con-full e-flex e-con e-child\" data-id=\"9dadf92\" data-element_type=\"container\" data-e-type=\"container\">\n\t\t\t\t<div class=\"elementor-element elementor-element-cca54d7 elementor-shape-circle e-grid-align-right e-grid-align-tablet-left elementor-grid-0 elementor-invisible elementor-widget elementor-widget-social-icons\" data-id=\"cca54d7\" data-element_type=\"widget\" data-e-type=\"widget\" data-settings=\"{&quot;_animation&quot;:&quot;fadeIn&quot;,&quot;_animation_delay&quot;:600}\" data-widget_type=\"social-icons.default\">\n\t\t\t\t<div class=\"elementor-widget-container\">\n\t\t\t\t\t\t\t<div class=\"elementor-social-icons-wrapper elementor-grid\" role=\"list\">\n\t\t\t\t\t\t\t<span class=\"elementor-grid-item\" role=\"listitem\">\n\t\t\t\t\t<a class=\"elementor-icon elementor-social-icon elementor-social-icon-facebook-f elementor-repeater-item-913587e\" href=\"https:\/\/www.facebook.com\/basecampvega\" target=\"_blank\">\n\t\t\t\t\t\t<span class=\"elementor-screen-only\">Facebook-f<\/span>\n\t\t\t\t\t\t<svg aria-hidden=\"true\" class=\"e-font-icon-svg e-fab-facebook-f\" viewbox=\"0 0 320 512\" xmlns=\"http:\/\/www.w3.org\/2000\/svg\"><path d=\"M279.14 288l14.22-92.66h-88.91v-60.13c0-25.35 12.42-50.06 52.24-50.06h40.42V6.26S260.43 0 225.36 0c-73.22 0-121.08 44.38-121.08 124.72v70.62H22.89V288h81.39v224h100.17V288z\"><\/path><\/svg>\t\t\t\t\t<\/a>\n\t\t\t\t<\/span>\n\t\t\t\t\t\t\t<span class=\"elementor-grid-item\" role=\"listitem\">\n\t\t\t\t\t<a class=\"elementor-icon elementor-social-icon elementor-social-icon-instagram elementor-repeater-item-b2219bd\" href=\"https:\/\/www.instagram.com\/basecamp.vega\/\" target=\"_blank\">\n\t\t\t\t\t\t<span class=\"elementor-screen-only\">Instagram<\/span>\n\t\t\t\t\t\t<svg aria-hidden=\"true\" class=\"e-font-icon-svg e-fab-instagram\" viewbox=\"0 0 448 512\" xmlns=\"http:\/\/www.w3.org\/2000\/svg\"><path d=\"M224.1 141c-63.6 0-114.9 51.3-114.9 114.9s51.3 114.9 114.9 114.9S339 319.5 339 255.9 287.7 141 224.1 141zm0 189.6c-41.1 0-74.7-33.5-74.7-74.7s33.5-74.7 74.7-74.7 74.7 33.5 74.7 74.7-33.6 74.7-74.7 74.7zm146.4-194.3c0 14.9-12 26.8-26.8 26.8-14.9 0-26.8-12-26.8-26.8s12-26.8 26.8-26.8 26.8 12 26.8 26.8zm76.1 27.2c-1.7-35.9-9.9-67.7-36.2-93.9-26.2-26.2-58-34.4-93.9-36.2-37-2.1-147.9-2.1-184.9 0-35.8 1.7-67.6 9.9-93.9 36.1s-34.4 58-36.2 93.9c-2.1 37-2.1 147.9 0 184.9 1.7 35.9 9.9 67.7 36.2 93.9s58 34.4 93.9 36.2c37 2.1 147.9 2.1 184.9 0 35.9-1.7 67.7-9.9 93.9-36.2 26.2-26.2 34.4-58 36.2-93.9 2.1-37 2.1-147.8 0-184.8zM398.8 388c-7.8 19.6-22.9 34.7-42.6 42.6-29.5 11.7-99.5 9-132.1 9s-102.7 2.6-132.1-9c-19.6-7.8-34.7-22.9-42.6-42.6-11.7-29.5-9-99.5-9-132.1s-2.6-102.7 9-132.1c7.8-19.6 22.9-34.7 42.6-42.6 29.5-11.7 99.5-9 132.1-9s102.7-2.6 132.1 9c19.6 7.8 34.7 22.9 42.6 42.6 11.7 29.5 9 99.5 9 132.1s2.7 102.7-9 132.1z\"><\/path><\/svg>\t\t\t\t\t<\/a>\n\t\t\t\t<\/span>\n\t\t\t\t\t<\/div>\n\t\t\t\t\t\t<\/div>\n\t\t\t\t<\/div>\n\t\t\t\t<\/div>\n\t\t\t\t\t<\/div>\n\t\t\t\t<\/div>\n\t\t\t\t<\/div>\n\t\t\t\t<\/div>\n\t\t<div class=\"elementor-element elementor-element-69ef4b3 e-flex e-con-boxed e-con e-parent\" data-id=\"69ef4b3\" data-element_type=\"container\" data-e-type=\"container\" data-settings=\"{&quot;background_background&quot;:&quot;classic&quot;}\">\n\t\t\t\t\t<div class=\"e-con-inner\">\n\t\t<div class=\"elementor-element elementor-element-cc9f4bc e-con-full e-flex e-con e-child\" data-id=\"cc9f4bc\" data-element_type=\"container\" data-e-type=\"container\">\n\t\t\t\t<div class=\"elementor-element elementor-element-5db213f elementor-widget-divider--view-line_text elementor-widget-divider--element-align-left elementor-widget__width-inherit elementor-invisible elementor-widget elementor-widget-divider\" data-id=\"5db213f\" data-element_type=\"widget\" data-e-type=\"widget\" data-settings=\"{&quot;_animation&quot;:&quot;fadeIn&quot;}\" data-widget_type=\"divider.default\">\n\t\t\t\t<div class=\"elementor-widget-container\">\n\t\t\t\t\t\t\t<div class=\"elementor-divider\">\n\t\t\t<span class=\"elementor-divider-separator\">\n\t\t\t\t\t\t\t<span class=\"elementor-divider__text elementor-divider__element\">\n\t\t\t\tStornierungsbedingungen\t\t\t\t<\/span>\n\t\t\t\t\t\t<\/span>\n\t\t<\/div>\n\t\t\t\t\t\t<\/div>\n\t\t\t\t<\/div>\n\t\t\t\t<div class=\"elementor-element elementor-element-94339a0 elementor-widget__width-inherit elementor-invisible elementor-widget elementor-widget-heading\" data-id=\"94339a0\" data-element_type=\"widget\" data-e-type=\"widget\" data-settings=\"{&quot;_animation&quot;:&quot;fadeIn&quot;,&quot;_animation_delay&quot;:200}\" data-widget_type=\"heading.default\">\n\t\t\t\t<div class=\"elementor-widget-container\">\n\t\t\t\t\t<h2 class=\"elementor-heading-title elementor-size-default\">Stornierungsbedingungen Base Camp Vega<\/h2>\t\t\t\t<\/div>\n\t\t\t\t<\/div>\n\t\t\t\t<div class=\"elementor-element elementor-element-b1a892f elementor-invisible elementor-widget elementor-widget-text-editor\" data-id=\"b1a892f\" data-element_type=\"widget\" data-e-type=\"widget\" data-settings=\"{&quot;_animation&quot;:&quot;fadeIn&quot;,&quot;_animation_delay&quot;:400}\" data-widget_type=\"text-editor.default\">\n\t\t\t\t<div class=\"elementor-widget-container\">\n\t\t\t\t\t\t\t\t\t<ul><li>Ved avbestilling av oppholdet inntil 6 uker f\u00f8r ankomstdato betales 20 % av bookingprisen eller minimum kr. 500 i avbestillingsgebyr, resten av bookingprisen tilbakebetales.<\/li><li>Bei Stornierung zwischen 6 und 4 Wochen vor dem Anreisedatum erstatten wir 50 % des Buchungspreises.<\/li><li>Bei Stornierungen weniger als 4 Wochen vor dem Anreisedatum erfolgt keine R\u00fcckerstattung (wir empfehlen den Abschluss einer privaten Reiser\u00fccktrittsversicherung).<\/li><\/ul>\t\t\t\t\t\t\t\t<\/div>\n\t\t\t\t<\/div>\n\t\t\t\t<\/div>\n\t\t<div class=\"elementor-element elementor-element-d87cfbf e-con-full e-flex e-con e-child\" data-id=\"d87cfbf\" data-element_type=\"container\" data-e-type=\"container\">\n\t\t\t\t<div class=\"elementor-element elementor-element-cf08e94 elementor-widget elementor-widget-image\" data-id=\"cf08e94\" data-element_type=\"widget\" data-e-type=\"widget\" data-widget_type=\"image.default\">\n\t\t\t\t<div class=\"elementor-widget-container\">\n\t\t\t\t\t\t\t\t\t\t\t\t\t\t\t<img fetchpriority=\"high\" decoding=\"async\" width=\"1536\" height=\"2048\" src=\"https:\/\/basecampvega.no\/wp-content\/uploads\/2025\/04\/P8181325-scaled-e1670858172600-scaled.jpg\" class=\"attachment-full size-full wp-image-1479\" alt=\"Avbestill innen 6 uker for delvis refusjon. Ingen refusjon ved avbestilling senere enn 4 uker f\u00f8r ankomst.\" srcset=\"https:\/\/basecampvega.no\/wp-content\/uploads\/2025\/04\/P8181325-scaled-e1670858172600-scaled.jpg 1536w, https:\/\/basecampvega.no\/wp-content\/uploads\/2025\/04\/P8181325-scaled-e1670858172600-225x300.jpg 225w, https:\/\/basecampvega.no\/wp-content\/uploads\/2025\/04\/P8181325-scaled-e1670858172600-768x1024.jpg 768w, https:\/\/basecampvega.no\/wp-content\/uploads\/2025\/04\/P8181325-scaled-e1670858172600-1152x1536.jpg 1152w\" sizes=\"(max-width: 1536px) 100vw, 1536px\" \/>\t\t\t\t\t\t\t\t\t\t\t\t\t\t\t<\/div>\n\t\t\t\t<\/div>\n\t\t\t\t<\/div>\n\t\t\t\t\t<\/div>\n\t\t\t\t<\/div>\n\t\t\t\t<\/div>","protected":false},"excerpt":{"rendered":"<p>Base Camp Vega Avbestillingsregler Facebook-f Instagram Avbestillingsregler Avbestillingsregler BaseCamp Vega Ved avbestilling av oppholdet inntil 6 uker f\u00f8r ankomstdato betales 20 % av bookingprisen eller minimum kr. 500 i avbestillingsgebyr, resten av bookingprisen tilbakebetales. Ved avbestilling av bookingen mellom 6 og 4 uker f\u00f8r ankomstdato tilbakebetaler vi 50 % av bookingpris. Avbestilling av bookingen senere [&hellip;]<\/p>\n","protected":false},"author":1,"featured_media":2118,"parent":0,"menu_order":0,"comment_status":"closed","ping_status":"closed","template":"","meta":{"footnotes":""},"class_list":["post-833","page","type-page","status-publish","has-post-thumbnail","hentry"],"yoast_head":"<!-- This site is optimized with the Yoast SEO plugin v27.0 - https:\/\/yoast.com\/product\/yoast-seo-wordpress\/ -->\n<title>Avbestillingsregler | Base Camp Vega<\/title>\n<meta name=\"description\" content=\"Se v\u00e5re avbestillingsregler for opphold hos Base Camp Vega. Informasjon om gebyrer og refusjon ved avbestilling opptil 6 uker f\u00f8r ankomst.\" \/>\n<meta name=\"robots\" content=\"index, follow, max-snippet:-1, max-image-preview:large, max-video-preview:-1\" \/>\n<link rel=\"canonical\" href=\"https:\/\/basecampvega.no\/de\/stornierungsbedingungen\/\" \/>\n<meta property=\"og:locale\" content=\"de_DE\" \/>\n<meta property=\"og:type\" content=\"article\" \/>\n<meta property=\"og:title\" content=\"Avbestillingsregler | Base Camp Vega\" \/>\n<meta property=\"og:description\" content=\"Se v\u00e5re avbestillingsregler for opphold hos Base Camp Vega. Informasjon om gebyrer og refusjon ved avbestilling opptil 6 uker f\u00f8r ankomst.\" \/>\n<meta property=\"og:url\" content=\"https:\/\/basecampvega.no\/de\/stornierungsbedingungen\/\" \/>\n<meta property=\"og:site_name\" content=\"Base Camp Vega\" \/>\n<meta property=\"article:modified_time\" content=\"2026-02-23T11:45:35+00:00\" \/>\n<meta property=\"og:image\" content=\"https:\/\/basecampvega.no\/wp-content\/uploads\/2025\/05\/opengraph-basecamp.jpg\" \/>\n\t<meta property=\"og:image:width\" content=\"2048\" \/>\n\t<meta property=\"og:image:height\" content=\"1230\" \/>\n\t<meta property=\"og:image:type\" content=\"image\/jpeg\" \/>\n<meta name=\"twitter:card\" content=\"summary_large_image\" \/>\n<meta name=\"twitter:label1\" content=\"Gesch\u00e4tzte Lesezeit\" \/>\n\t<meta name=\"twitter:data1\" content=\"1\u00a0Minute\" \/>\n<script type=\"application\/ld+json\" class=\"yoast-schema-graph\">{\"@context\":\"https:\/\/schema.org\",\"@graph\":[{\"@type\":\"WebPage\",\"@id\":\"https:\/\/basecampvega.no\/avbestillingsregler\/\",\"url\":\"https:\/\/basecampvega.no\/avbestillingsregler\/\",\"name\":\"Avbestillingsregler | Base Camp Vega\",\"isPartOf\":{\"@id\":\"https:\/\/www.basecampvega.no\/#website\"},\"primaryImageOfPage\":{\"@id\":\"https:\/\/basecampvega.no\/avbestillingsregler\/#primaryimage\"},\"image\":{\"@id\":\"https:\/\/basecampvega.no\/avbestillingsregler\/#primaryimage\"},\"thumbnailUrl\":\"https:\/\/basecampvega.no\/wp-content\/uploads\/2025\/05\/opengraph-basecamp.jpg\",\"datePublished\":\"2025-04-15T14:49:10+00:00\",\"dateModified\":\"2026-02-23T11:45:35+00:00\",\"description\":\"Se v\u00e5re avbestillingsregler for opphold hos Base Camp Vega. Informasjon om gebyrer og refusjon ved avbestilling opptil 6 uker f\u00f8r ankomst.\",\"breadcrumb\":{\"@id\":\"https:\/\/basecampvega.no\/avbestillingsregler\/#breadcrumb\"},\"inLanguage\":\"de\",\"potentialAction\":[{\"@type\":\"ReadAction\",\"target\":[\"https:\/\/basecampvega.no\/avbestillingsregler\/\"]}]},{\"@type\":\"ImageObject\",\"inLanguage\":\"de\",\"@id\":\"https:\/\/basecampvega.no\/avbestillingsregler\/#primaryimage\",\"url\":\"https:\/\/basecampvega.no\/wp-content\/uploads\/2025\/05\/opengraph-basecamp.jpg\",\"contentUrl\":\"https:\/\/basecampvega.no\/wp-content\/uploads\/2025\/05\/opengraph-basecamp.jpg\",\"width\":2048,\"height\":1230,\"caption\":\"Opengraph bilde for Base Camp Vega\"},{\"@type\":\"BreadcrumbList\",\"@id\":\"https:\/\/basecampvega.no\/avbestillingsregler\/#breadcrumb\",\"itemListElement\":[{\"@type\":\"ListItem\",\"position\":1,\"name\":\"Hjem\",\"item\":\"https:\/\/basecampvega.no\/\"},{\"@type\":\"ListItem\",\"position\":2,\"name\":\"Avbestillingsregler\"}]},{\"@type\":\"WebSite\",\"@id\":\"https:\/\/www.basecampvega.no\/#website\",\"url\":\"https:\/\/www.basecampvega.no\/\",\"name\":\"Base Camp Vega\",\"description\":\"Overnatting og aktiviteter p\u00e5 Vega\",\"publisher\":{\"@id\":\"https:\/\/www.basecampvega.no\/#organization\"},\"potentialAction\":[{\"@type\":\"SearchAction\",\"target\":{\"@type\":\"EntryPoint\",\"urlTemplate\":\"https:\/\/www.basecampvega.no\/?s={search_term_string}\"},\"query-input\":{\"@type\":\"PropertyValueSpecification\",\"valueRequired\":true,\"valueName\":\"search_term_string\"}}],\"inLanguage\":\"de\"},{\"@type\":\"Organization\",\"@id\":\"https:\/\/www.basecampvega.no\/#organization\",\"name\":\"Base Camp Vega\",\"url\":\"https:\/\/www.basecampvega.no\/\",\"logo\":{\"@type\":\"ImageObject\",\"inLanguage\":\"de\",\"@id\":\"https:\/\/www.basecampvega.no\/#\/schema\/logo\/image\/\",\"url\":\"https:\/\/basecampvega.no\/wp-content\/uploads\/2024\/04\/logobasecamp-scaled.png\",\"contentUrl\":\"https:\/\/basecampvega.no\/wp-content\/uploads\/2024\/04\/logobasecamp-scaled.png\",\"width\":2048,\"height\":2048,\"caption\":\"Base Camp Vega\"},\"image\":{\"@id\":\"https:\/\/www.basecampvega.no\/#\/schema\/logo\/image\/\"}}]}<\/script>\n<!-- \/ Yoast SEO plugin. -->","yoast_head_json":{"title":"Stornierungsbedingungen | Base Camp Vega","description":"Sieh dir unsere Stornierungsbedingungen f\u00fcr Aufenthalte bei Base Camp Vega an. Informationen zu Geb\u00fchren und R\u00fcckerstattung bei Stornierung bis zu 6 Wochen vor Anreise.","robots":{"index":"index","follow":"follow","max-snippet":"max-snippet:-1","max-image-preview":"max-image-preview:large","max-video-preview":"max-video-preview:-1"},"canonical":"https:\/\/basecampvega.no\/de\/stornierungsbedingungen\/","og_locale":"de_DE","og_type":"article","og_title":"Avbestillingsregler | Base Camp Vega","og_description":"Se v\u00e5re avbestillingsregler for opphold hos Base Camp Vega. Informasjon om gebyrer og refusjon ved avbestilling opptil 6 uker f\u00f8r ankomst.","og_url":"https:\/\/basecampvega.no\/de\/stornierungsbedingungen\/","og_site_name":"Base Camp Vega","article_modified_time":"2026-02-23T11:45:35+00:00","og_image":[{"width":2048,"height":1230,"url":"https:\/\/basecampvega.no\/wp-content\/uploads\/2025\/05\/opengraph-basecamp.jpg","type":"image\/jpeg"}],"twitter_card":"summary_large_image","twitter_misc":{"Gesch\u00e4tzte Lesezeit":"1\u00a0Minute"},"schema":{"@context":"https:\/\/schema.org","@graph":[{"@type":"WebPage","@id":"https:\/\/basecampvega.no\/avbestillingsregler\/","url":"https:\/\/basecampvega.no\/avbestillingsregler\/","name":"Stornierungsbedingungen | Base Camp Vega","isPartOf":{"@id":"https:\/\/www.basecampvega.no\/#website"},"primaryImageOfPage":{"@id":"https:\/\/basecampvega.no\/avbestillingsregler\/#primaryimage"},"image":{"@id":"https:\/\/basecampvega.no\/avbestillingsregler\/#primaryimage"},"thumbnailUrl":"https:\/\/basecampvega.no\/wp-content\/uploads\/2025\/05\/opengraph-basecamp.jpg","datePublished":"2025-04-15T14:49:10+00:00","dateModified":"2026-02-23T11:45:35+00:00","description":"Sieh dir unsere Stornierungsbedingungen f\u00fcr Aufenthalte bei Base Camp Vega an. Informationen zu Geb\u00fchren und R\u00fcckerstattung bei Stornierung bis zu 6 Wochen vor Anreise.","breadcrumb":{"@id":"https:\/\/basecampvega.no\/avbestillingsregler\/#breadcrumb"},"inLanguage":"de","potentialAction":[{"@type":"ReadAction","target":["https:\/\/basecampvega.no\/avbestillingsregler\/"]}]},{"@type":"ImageObject","inLanguage":"de","@id":"https:\/\/basecampvega.no\/avbestillingsregler\/#primaryimage","url":"https:\/\/basecampvega.no\/wp-content\/uploads\/2025\/05\/opengraph-basecamp.jpg","contentUrl":"https:\/\/basecampvega.no\/wp-content\/uploads\/2025\/05\/opengraph-basecamp.jpg","width":2048,"height":1230,"caption":"Opengraph bilde for Base Camp Vega"},{"@type":"BreadcrumbList","@id":"https:\/\/basecampvega.no\/avbestillingsregler\/#breadcrumb","itemListElement":[{"@type":"ListItem","position":1,"name":"Hjem","item":"https:\/\/basecampvega.no\/"},{"@type":"ListItem","position":2,"name":"Avbestillingsregler"}]},{"@type":"WebSite","@id":"https:\/\/www.basecampvega.no\/#website","url":"https:\/\/www.basecampvega.no\/","name":"Base Camp Vega","description":"Overnatting og aktiviteter p\u00e5 Vega","publisher":{"@id":"https:\/\/www.basecampvega.no\/#organization"},"potentialAction":[{"@type":"SearchAction","target":{"@type":"EntryPoint","urlTemplate":"https:\/\/www.basecampvega.no\/?s={search_term_string}"},"query-input":{"@type":"PropertyValueSpecification","valueRequired":true,"valueName":"search_term_string"}}],"inLanguage":"de"},{"@type":"Organization","@id":"https:\/\/www.basecampvega.no\/#organization","name":"Base Camp Vega","url":"https:\/\/www.basecampvega.no\/","logo":{"@type":"ImageObject","inLanguage":"de","@id":"https:\/\/www.basecampvega.no\/#\/schema\/logo\/image\/","url":"https:\/\/basecampvega.no\/wp-content\/uploads\/2024\/04\/logobasecamp-scaled.png","contentUrl":"https:\/\/basecampvega.no\/wp-content\/uploads\/2024\/04\/logobasecamp-scaled.png","width":2048,"height":2048,"caption":"Base Camp Vega"},"image":{"@id":"https:\/\/www.basecampvega.no\/#\/schema\/logo\/image\/"}}]}},"_links":{"self":[{"href":"https:\/\/basecampvega.no\/de\/wp-json\/wp\/v2\/pages\/833","targetHints":{"allow":["GET"]}}],"collection":[{"href":"https:\/\/basecampvega.no\/de\/wp-json\/wp\/v2\/pages"}],"about":[{"href":"https:\/\/basecampvega.no\/de\/wp-json\/wp\/v2\/types\/page"}],"author":[{"embeddable":true,"href":"https:\/\/basecampvega.no\/de\/wp-json\/wp\/v2\/users\/1"}],"replies":[{"embeddable":true,"href":"https:\/\/basecampvega.no\/de\/wp-json\/wp\/v2\/comments?post=833"}],"version-history":[{"count":5,"href":"https:\/\/basecampvega.no\/de\/wp-json\/wp\/v2\/pages\/833\/revisions"}],"predecessor-version":[{"id":2883,"href":"https:\/\/basecampvega.no\/de\/wp-json\/wp\/v2\/pages\/833\/revisions\/2883"}],"wp:featuredmedia":[{"embeddable":true,"href":"https:\/\/basecampvega.no\/de\/wp-json\/wp\/v2\/media\/2118"}],"wp:attachment":[{"href":"https:\/\/basecampvega.no\/de\/wp-json\/wp\/v2\/media?parent=833"}],"curies":[{"name":"wp","href":"https:\/\/api.w.org\/{rel}","templated":true}]}}