{"id":835,"date":"2025-04-15T16:50:23","date_gmt":"2025-04-15T14:50:23","guid":{"rendered":"https:\/\/basecampvega.hornstaging.no\/?page_id=835"},"modified":"2025-12-12T09:42:16","modified_gmt":"2025-12-12T08:42:16","slug":"buchung-grune-route","status":"publish","type":"page","link":"https:\/\/basecampvega.no\/de\/bestilling-gronn-loype\/","title":{"rendered":"Bestilling Gr\u00f8nn l\u00f8ype"},"content":{"rendered":"<div data-elementor-type=\"wp-page\" data-elementor-id=\"835\" class=\"elementor elementor-835\" data-elementor-post-type=\"page\">\n\t\t\t\t<div class=\"elementor-element elementor-element-f4e9580 e-con-full e-flex e-con e-parent\" data-id=\"f4e9580\" data-element_type=\"container\" data-e-type=\"container\" data-settings=\"{&quot;background_background&quot;:&quot;gradient&quot;}\">\n\t\t<div class=\"elementor-element elementor-element-f45b392 e-con-full e-flex e-con e-child\" data-id=\"f45b392\" data-element_type=\"container\" data-e-type=\"container\" data-settings=\"{&quot;background_background&quot;:&quot;classic&quot;}\">\n\t\t<div class=\"elementor-element elementor-element-ff1b6df e-flex e-con-boxed e-con e-child\" data-id=\"ff1b6df\" data-element_type=\"container\" data-e-type=\"container\">\n\t\t\t\t\t<div class=\"e-con-inner\">\n\t\t<div class=\"elementor-element elementor-element-2454ea5 e-con-full e-flex e-con e-child\" data-id=\"2454ea5\" data-element_type=\"container\" data-e-type=\"container\">\n\t\t\t\t<div class=\"elementor-element elementor-element-5b2cc30 elementor-widget-divider--view-line_text elementor-widget-divider--element-align-left elementor-widget__width-inherit elementor-invisible elementor-widget elementor-widget-divider\" data-id=\"5b2cc30\" data-element_type=\"widget\" data-e-type=\"widget\" data-settings=\"{&quot;_animation&quot;:&quot;fadeIn&quot;}\" data-widget_type=\"divider.default\">\n\t\t\t\t<div class=\"elementor-widget-container\">\n\t\t\t\t\t\t\t<div class=\"elementor-divider\">\n\t\t\t<span class=\"elementor-divider-separator\">\n\t\t\t\t\t\t\t<span class=\"elementor-divider__text elementor-divider__element\">\n\t\t\t\tKlettern Via Ferrata\t\t\t\t<\/span>\n\t\t\t\t\t\t<\/span>\n\t\t<\/div>\n\t\t\t\t\t\t<\/div>\n\t\t\t\t<\/div>\n\t\t\t\t<div class=\"elementor-element elementor-element-b90aa18 elementor-widget__width-inherit elementor-widget-tablet__width-inherit elementor-invisible elementor-widget elementor-widget-heading\" data-id=\"b90aa18\" data-element_type=\"widget\" data-e-type=\"widget\" data-settings=\"{&quot;_animation&quot;:&quot;fadeIn&quot;,&quot;_animation_delay&quot;:200}\" data-widget_type=\"heading.default\">\n\t\t\t\t<div class=\"elementor-widget-container\">\n\t\t\t\t\t<h1 class=\"elementor-heading-title elementor-size-default\">Buchung gr\u00fcne Route<\/h1>\t\t\t\t<\/div>\n\t\t\t\t<\/div>\n\t\t\t\t<div class=\"elementor-element elementor-element-349e75a elementor-widget__width-inherit elementor-widget-tablet__width-inherit elementor-invisible elementor-widget elementor-widget-text-editor\" data-id=\"349e75a\" data-element_type=\"widget\" data-e-type=\"widget\" data-settings=\"{&quot;_animation&quot;:&quot;fadeIn&quot;,&quot;_animation_delay&quot;:400}\" data-widget_type=\"text-editor.default\">\n\t\t\t\t<div class=\"elementor-widget-container\">\n\t\t\t\t\t\t\t\t\t<p>Kaufe Klettertickets f\u00fcr die gr\u00fcne Route.<\/p>\t\t\t\t\t\t\t\t<\/div>\n\t\t\t\t<\/div>\n\t\t<div class=\"elementor-element elementor-element-c93ef48 e-con-full e-flex e-con e-child\" data-id=\"c93ef48\" data-element_type=\"container\" data-e-type=\"container\">\n\t\t\t\t<div class=\"elementor-element elementor-element-ad6fd0a elementor-mobile-align-justify elementor-invisible elementor-widget elementor-widget-button\" data-id=\"ad6fd0a\" data-element_type=\"widget\" data-e-type=\"widget\" data-settings=\"{&quot;_animation&quot;:&quot;fadeIn&quot;,&quot;_animation_delay&quot;:600}\" data-widget_type=\"button.default\">\n\t\t\t\t<div class=\"elementor-widget-container\">\n\t\t\t\t\t\t\t\t\t<div class=\"elementor-button-wrapper\">\n\t\t\t\t\t<a class=\"elementor-button elementor-button-link elementor-size-sm\" href=\"https:\/\/basecampvega.cloudbooking.no\/en\/p\/Activity\/Via%20Ferrata\/Via%20Ferrata%20Green%20route-2085\" target=\"_blank\">\n\t\t\t\t\t\t<span class=\"elementor-button-content-wrapper\">\n\t\t\t\t\t\t\t\t\t<span class=\"elementor-button-text\">Klettertickets buchen<\/span>\n\t\t\t\t\t<\/span>\n\t\t\t\t\t<\/a>\n\t\t\t\t<\/div>\n\t\t\t\t\t\t\t\t<\/div>\n\t\t\t\t<\/div>\n\t\t\t\t<\/div>\n\t\t\t\t<div class=\"elementor-element elementor-element-d9347fd elementor-widget-divider--view-line elementor-invisible elementor-widget elementor-widget-divider\" data-id=\"d9347fd\" data-element_type=\"widget\" data-e-type=\"widget\" data-settings=\"{&quot;_animation&quot;:&quot;fadeIn&quot;,&quot;_animation_delay&quot;:600}\" data-widget_type=\"divider.default\">\n\t\t\t\t<div class=\"elementor-widget-container\">\n\t\t\t\t\t\t\t<div class=\"elementor-divider\">\n\t\t\t<span class=\"elementor-divider-separator\">\n\t\t\t\t\t\t<\/span>\n\t\t<\/div>\n\t\t\t\t\t\t<\/div>\n\t\t\t\t<\/div>\n\t\t\t\t<\/div>\n\t\t<div class=\"elementor-element elementor-element-03486c8 e-con-full e-flex e-con e-child\" data-id=\"03486c8\" data-element_type=\"container\" data-e-type=\"container\">\n\t\t\t\t<div class=\"elementor-element elementor-element-a05260c elementor-shape-circle e-grid-align-right e-grid-align-tablet-left elementor-grid-0 elementor-invisible elementor-widget elementor-widget-social-icons\" data-id=\"a05260c\" data-element_type=\"widget\" data-e-type=\"widget\" data-settings=\"{&quot;_animation&quot;:&quot;fadeIn&quot;,&quot;_animation_delay&quot;:600}\" data-widget_type=\"social-icons.default\">\n\t\t\t\t<div class=\"elementor-widget-container\">\n\t\t\t\t\t\t\t<div class=\"elementor-social-icons-wrapper elementor-grid\" role=\"list\">\n\t\t\t\t\t\t\t<span class=\"elementor-grid-item\" role=\"listitem\">\n\t\t\t\t\t<a class=\"elementor-icon elementor-social-icon elementor-social-icon-facebook-f elementor-repeater-item-913587e\" href=\"https:\/\/www.facebook.com\/basecampvega\" target=\"_blank\">\n\t\t\t\t\t\t<span class=\"elementor-screen-only\">Facebook-f<\/span>\n\t\t\t\t\t\t<svg aria-hidden=\"true\" class=\"e-font-icon-svg e-fab-facebook-f\" viewbox=\"0 0 320 512\" xmlns=\"http:\/\/www.w3.org\/2000\/svg\"><path d=\"M279.14 288l14.22-92.66h-88.91v-60.13c0-25.35 12.42-50.06 52.24-50.06h40.42V6.26S260.43 0 225.36 0c-73.22 0-121.08 44.38-121.08 124.72v70.62H22.89V288h81.39v224h100.17V288z\"><\/path><\/svg>\t\t\t\t\t<\/a>\n\t\t\t\t<\/span>\n\t\t\t\t\t\t\t<span class=\"elementor-grid-item\" role=\"listitem\">\n\t\t\t\t\t<a class=\"elementor-icon elementor-social-icon elementor-social-icon-instagram elementor-repeater-item-b2219bd\" href=\"https:\/\/www.instagram.com\/basecamp.vega\/\" target=\"_blank\">\n\t\t\t\t\t\t<span class=\"elementor-screen-only\">Instagram<\/span>\n\t\t\t\t\t\t<svg aria-hidden=\"true\" class=\"e-font-icon-svg e-fab-instagram\" viewbox=\"0 0 448 512\" xmlns=\"http:\/\/www.w3.org\/2000\/svg\"><path d=\"M224.1 141c-63.6 0-114.9 51.3-114.9 114.9s51.3 114.9 114.9 114.9S339 319.5 339 255.9 287.7 141 224.1 141zm0 189.6c-41.1 0-74.7-33.5-74.7-74.7s33.5-74.7 74.7-74.7 74.7 33.5 74.7 74.7-33.6 74.7-74.7 74.7zm146.4-194.3c0 14.9-12 26.8-26.8 26.8-14.9 0-26.8-12-26.8-26.8s12-26.8 26.8-26.8 26.8 12 26.8 26.8zm76.1 27.2c-1.7-35.9-9.9-67.7-36.2-93.9-26.2-26.2-58-34.4-93.9-36.2-37-2.1-147.9-2.1-184.9 0-35.8 1.7-67.6 9.9-93.9 36.1s-34.4 58-36.2 93.9c-2.1 37-2.1 147.9 0 184.9 1.7 35.9 9.9 67.7 36.2 93.9s58 34.4 93.9 36.2c37 2.1 147.9 2.1 184.9 0 35.9-1.7 67.7-9.9 93.9-36.2 26.2-26.2 34.4-58 36.2-93.9 2.1-37 2.1-147.8 0-184.8zM398.8 388c-7.8 19.6-22.9 34.7-42.6 42.6-29.5 11.7-99.5 9-132.1 9s-102.7 2.6-132.1-9c-19.6-7.8-34.7-22.9-42.6-42.6-11.7-29.5-9-99.5-9-132.1s-2.6-102.7 9-132.1c7.8-19.6 22.9-34.7 42.6-42.6 29.5-11.7 99.5-9 132.1-9s102.7-2.6 132.1 9c19.6 7.8 34.7 22.9 42.6 42.6 11.7 29.5 9 99.5 9 132.1s2.7 102.7-9 132.1z\"><\/path><\/svg>\t\t\t\t\t<\/a>\n\t\t\t\t<\/span>\n\t\t\t\t\t<\/div>\n\t\t\t\t\t\t<\/div>\n\t\t\t\t<\/div>\n\t\t\t\t<\/div>\n\t\t\t\t\t<\/div>\n\t\t\t\t<\/div>\n\t\t\t\t<\/div>\n\t\t\t\t<\/div>\n\t\t<div class=\"elementor-element elementor-element-e9ec6f5 e-flex e-con-boxed e-con e-parent\" data-id=\"e9ec6f5\" data-element_type=\"container\" data-e-type=\"container\" data-settings=\"{&quot;background_background&quot;:&quot;classic&quot;}\">\n\t\t\t\t\t<div class=\"e-con-inner\">\n\t\t<div class=\"elementor-element elementor-element-0e2a89d e-con-full e-flex e-con e-child\" data-id=\"0e2a89d\" data-element_type=\"container\" data-e-type=\"container\">\n\t\t\t\t<div class=\"elementor-element elementor-element-6151b50 elementor-widget-divider--view-line_text elementor-widget-divider--element-align-left elementor-widget__width-inherit elementor-invisible elementor-widget elementor-widget-divider\" data-id=\"6151b50\" data-element_type=\"widget\" data-e-type=\"widget\" data-settings=\"{&quot;_animation&quot;:&quot;fadeIn&quot;}\" data-widget_type=\"divider.default\">\n\t\t\t\t<div class=\"elementor-widget-container\">\n\t\t\t\t\t\t\t<div class=\"elementor-divider\">\n\t\t\t<span class=\"elementor-divider-separator\">\n\t\t\t\t\t\t\t<span class=\"elementor-divider__text elementor-divider__element\">\n\t\t\t\tKlettern\t\t\t\t<\/span>\n\t\t\t\t\t\t<\/span>\n\t\t<\/div>\n\t\t\t\t\t\t<\/div>\n\t\t\t\t<\/div>\n\t\t\t\t<div class=\"elementor-element elementor-element-be08f1a elementor-widget__width-inherit elementor-invisible elementor-widget elementor-widget-heading\" data-id=\"be08f1a\" data-element_type=\"widget\" data-e-type=\"widget\" data-settings=\"{&quot;_animation&quot;:&quot;fadeIn&quot;,&quot;_animation_delay&quot;:200}\" data-widget_type=\"heading.default\">\n\t\t\t\t<div class=\"elementor-widget-container\">\n\t\t\t\t\t<h2 class=\"elementor-heading-title elementor-size-default\">Kaufe hier deine Klettertickets f\u00fcr die gr\u00fcne Route<\/h2>\t\t\t\t<\/div>\n\t\t\t\t<\/div>\n\t\t\t\t<div class=\"elementor-element elementor-element-96e4a49 elementor-invisible elementor-widget elementor-widget-text-editor\" data-id=\"96e4a49\" data-element_type=\"widget\" data-e-type=\"widget\" data-settings=\"{&quot;_animation&quot;:&quot;fadeIn&quot;,&quot;_animation_delay&quot;:400}\" data-widget_type=\"text-editor.default\">\n\t\t\t\t<div class=\"elementor-widget-container\">\n\t\t\t\t\t\t\t\t\t<p>Hier kannst du dir einen Platz in den Klettergruppen mit festen Startzeiten sichern. Alle Touren auf der Ravnfloget Via Ferrata finden unter der Leitung eines Guides statt. Die Touren dauern knapp 4 Stunden und bieten Platz f\u00fcr 12 Teilnehmer.<\/p><p>Der Treffpunkt ist ein neu errichtetes Service- und Bereitschaftshaus, das nach etwa 10 Minuten Fu\u00dfweg entlang des angelegten Pfades zur Vegatrappa erreicht wird.<\/p><p>Wenn du an einem anderen Tag klettern m\u00f6chtest, kontaktiere uns bitte unter <a href=\"mailto:post@ravnfloget.no\">post@ravnfloget.no<\/a> oder <a href=\"mailto:info@basecampvega.no\">info@basecampvega.no<\/a> oder telefonisch unter <a href=\"tel:+4746832540\">+47 468 32 540<\/a>.<\/p><p>Klicke im Feld \u201eDatum\u201c, um dein gew\u00fcnschtes Kletterdatum auszuw\u00e4hlen. Daten mit verf\u00fcgbaren Pl\u00e4tzen sind anklickbar (ohne Durchstreichung) und k\u00f6nnen ausgew\u00e4hlt werden. Unter \u201eUhrzeit\u201c werden anschlie\u00dfend die verf\u00fcgbaren Gruppen angezeigt.<\/p><p>Wenn dein Wunschtermin nicht verf\u00fcgbar ist, nimm bitte Kontakt mit uns auf \u2013 es besteht die M\u00f6glichkeit, zus\u00e4tzliche Gruppen zu organisieren!<\/p><p>Wenn du einen Geschenkgutschein erhalten hast, kannst du diesen mit dem einzigartigen Gutscheincode als vollst\u00e4ndige oder teilweise Bezahlung verwenden.<\/p><p>Hinweis: Bitte lies vor der endg\u00fcltigen Buchung die Nutzungsvereinbarung!<\/p>\t\t\t\t\t\t\t\t<\/div>\n\t\t\t\t<\/div>\n\t\t\t\t<div class=\"elementor-element elementor-element-5a7b4f2 elementor-mobile-align-justify elementor-invisible elementor-widget elementor-widget-button\" data-id=\"5a7b4f2\" data-element_type=\"widget\" data-e-type=\"widget\" data-settings=\"{&quot;_animation&quot;:&quot;fadeIn&quot;,&quot;_animation_delay&quot;:600}\" data-widget_type=\"button.default\">\n\t\t\t\t<div class=\"elementor-widget-container\">\n\t\t\t\t\t\t\t\t\t<div class=\"elementor-button-wrapper\">\n\t\t\t\t\t<a class=\"elementor-button elementor-button-link elementor-size-sm\" href=\"https:\/\/basecampvega.cloudbooking.no\/en\/p\/Activity\/Via%20Ferrata\/Via%20Ferrata%20Green%20route-2085\" target=\"_blank\">\n\t\t\t\t\t\t<span class=\"elementor-button-content-wrapper\">\n\t\t\t\t\t\t\t\t\t<span class=\"elementor-button-text\">Klettertickets buchen<\/span>\n\t\t\t\t\t<\/span>\n\t\t\t\t\t<\/a>\n\t\t\t\t<\/div>\n\t\t\t\t\t\t\t\t<\/div>\n\t\t\t\t<\/div>\n\t\t\t\t<\/div>\n\t\t<div class=\"elementor-element elementor-element-26e4b81 e-con-full e-flex e-con e-child\" data-id=\"26e4b81\" data-element_type=\"container\" data-e-type=\"container\">\n\t\t\t\t<div class=\"elementor-element elementor-element-cc5144f elementor-widget elementor-widget-image\" data-id=\"cc5144f\" data-element_type=\"widget\" data-e-type=\"widget\" data-widget_type=\"image.default\">\n\t\t\t\t<div class=\"elementor-widget-container\">\n\t\t\t\t\t\t\t\t\t\t\t\t\t\t\t<img fetchpriority=\"high\" decoding=\"async\" width=\"1405\" height=\"1054\" src=\"https:\/\/basecampvega.no\/wp-content\/uploads\/2025\/04\/P7290779.jpg\" class=\"attachment-full size-full wp-image-1434\" alt=\"Bli med p\u00e5 klatretur med guide i Ravnfloget Via Ferrata. Bestill tid i Gr\u00f8nn l\u00f8ype \u2013 enkelt med gavekort eller online!\" srcset=\"https:\/\/basecampvega.no\/wp-content\/uploads\/2025\/04\/P7290779.jpg 1405w, https:\/\/basecampvega.no\/wp-content\/uploads\/2025\/04\/P7290779-300x225.jpg 300w, https:\/\/basecampvega.no\/wp-content\/uploads\/2025\/04\/P7290779-1024x768.jpg 1024w, https:\/\/basecampvega.no\/wp-content\/uploads\/2025\/04\/P7290779-768x576.jpg 768w\" sizes=\"(max-width: 1405px) 100vw, 1405px\" \/>\t\t\t\t\t\t\t\t\t\t\t\t\t\t\t<\/div>\n\t\t\t\t<\/div>\n\t\t\t\t<\/div>\n\t\t\t\t\t<\/div>\n\t\t\t\t<\/div>\n\t\t\t\t<\/div>","protected":false},"excerpt":{"rendered":"<p>Klatring Via Ferrata Bestilling gr\u00f8nn l\u00f8ype Kj\u00f8p klatrebilletter til Gr\u00f8nn l\u00f8ype. Bestill klatrebilletter Facebook-f Instagram Klatring Kj\u00f8p klatrebilletter til Gr\u00f8nn l\u00f8ype her Her kan du bestille plass i klatregruppene som g\u00e5r til faste tider. All klatring i Ravnfloget Via Ferrata foreg\u00e5r med guide. Turene tar i underkant av 4 timer og har plass til 12 [&hellip;]<\/p>\n","protected":false},"author":1,"featured_media":2118,"parent":0,"menu_order":0,"comment_status":"closed","ping_status":"closed","template":"","meta":{"footnotes":""},"class_list":["post-835","page","type-page","status-publish","has-post-thumbnail","hentry"],"yoast_head":"<!-- This site is optimized with the Yoast SEO plugin v27.3 - https:\/\/yoast.com\/product\/yoast-seo-wordpress\/ -->\n<title>Klatring Via Ferrata | Gr\u00f8nn l\u00f8ype<\/title>\n<meta name=\"description\" content=\"Bestill guidet klatretur i Gr\u00f8nn l\u00f8ype i Ravnfloget Via Ferrata. Turen varer i underkant av 4 timer og passer for grupper opptil 12 personer.\" \/>\n<meta name=\"robots\" content=\"index, follow, max-snippet:-1, max-image-preview:large, max-video-preview:-1\" \/>\n<link rel=\"canonical\" href=\"https:\/\/basecampvega.no\/de\/buchung-grune-route\/\" \/>\n<meta property=\"og:locale\" content=\"de_DE\" \/>\n<meta property=\"og:type\" content=\"article\" \/>\n<meta property=\"og:title\" content=\"Klatring Via Ferrata | Gr\u00f8nn l\u00f8ype\" \/>\n<meta property=\"og:description\" content=\"Bestill guidet klatretur i Gr\u00f8nn l\u00f8ype i Ravnfloget Via Ferrata. Turen varer i underkant av 4 timer og passer for grupper opptil 12 personer.\" \/>\n<meta property=\"og:url\" content=\"https:\/\/basecampvega.no\/de\/buchung-grune-route\/\" \/>\n<meta property=\"og:site_name\" content=\"Base Camp Vega\" \/>\n<meta property=\"article:modified_time\" content=\"2025-12-12T08:42:16+00:00\" \/>\n<meta property=\"og:image\" content=\"https:\/\/basecampvega.no\/wp-content\/uploads\/2025\/05\/opengraph-basecamp.jpg\" \/>\n\t<meta property=\"og:image:width\" content=\"2048\" \/>\n\t<meta property=\"og:image:height\" content=\"1230\" \/>\n\t<meta property=\"og:image:type\" content=\"image\/jpeg\" \/>\n<meta name=\"twitter:card\" content=\"summary_large_image\" \/>\n<meta name=\"twitter:label1\" content=\"Gesch\u00e4tzte Lesezeit\" \/>\n\t<meta name=\"twitter:data1\" content=\"2\u00a0Minuten\" \/>\n<script type=\"application\/ld+json\" class=\"yoast-schema-graph\">{\"@context\":\"https:\\\/\\\/schema.org\",\"@graph\":[{\"@type\":\"WebPage\",\"@id\":\"https:\\\/\\\/basecampvega.no\\\/bestilling-gronn-loype\\\/\",\"url\":\"https:\\\/\\\/basecampvega.no\\\/bestilling-gronn-loype\\\/\",\"name\":\"Klatring Via Ferrata | Gr\u00f8nn l\u00f8ype\",\"isPartOf\":{\"@id\":\"https:\\\/\\\/www.basecampvega.no\\\/#website\"},\"primaryImageOfPage\":{\"@id\":\"https:\\\/\\\/basecampvega.no\\\/bestilling-gronn-loype\\\/#primaryimage\"},\"image\":{\"@id\":\"https:\\\/\\\/basecampvega.no\\\/bestilling-gronn-loype\\\/#primaryimage\"},\"thumbnailUrl\":\"https:\\\/\\\/basecampvega.no\\\/wp-content\\\/uploads\\\/2025\\\/05\\\/opengraph-basecamp.jpg\",\"datePublished\":\"2025-04-15T14:50:23+00:00\",\"dateModified\":\"2025-12-12T08:42:16+00:00\",\"description\":\"Bestill guidet klatretur i Gr\u00f8nn l\u00f8ype i Ravnfloget Via Ferrata. Turen varer i underkant av 4 timer og passer for grupper opptil 12 personer.\",\"breadcrumb\":{\"@id\":\"https:\\\/\\\/basecampvega.no\\\/bestilling-gronn-loype\\\/#breadcrumb\"},\"inLanguage\":\"de\",\"potentialAction\":[{\"@type\":\"ReadAction\",\"target\":[\"https:\\\/\\\/basecampvega.no\\\/bestilling-gronn-loype\\\/\"]}]},{\"@type\":\"ImageObject\",\"inLanguage\":\"de\",\"@id\":\"https:\\\/\\\/basecampvega.no\\\/bestilling-gronn-loype\\\/#primaryimage\",\"url\":\"https:\\\/\\\/basecampvega.no\\\/wp-content\\\/uploads\\\/2025\\\/05\\\/opengraph-basecamp.jpg\",\"contentUrl\":\"https:\\\/\\\/basecampvega.no\\\/wp-content\\\/uploads\\\/2025\\\/05\\\/opengraph-basecamp.jpg\",\"width\":2048,\"height\":1230,\"caption\":\"Opengraph bilde for Base Camp Vega\"},{\"@type\":\"BreadcrumbList\",\"@id\":\"https:\\\/\\\/basecampvega.no\\\/bestilling-gronn-loype\\\/#breadcrumb\",\"itemListElement\":[{\"@type\":\"ListItem\",\"position\":1,\"name\":\"Hjem\",\"item\":\"https:\\\/\\\/basecampvega.no\\\/\"},{\"@type\":\"ListItem\",\"position\":2,\"name\":\"Bestilling Gr\u00f8nn l\u00f8ype\"}]},{\"@type\":\"WebSite\",\"@id\":\"https:\\\/\\\/www.basecampvega.no\\\/#website\",\"url\":\"https:\\\/\\\/www.basecampvega.no\\\/\",\"name\":\"Base Camp Vega\",\"description\":\"Overnatting og aktiviteter p\u00e5 Vega\",\"publisher\":{\"@id\":\"https:\\\/\\\/www.basecampvega.no\\\/#organization\"},\"potentialAction\":[{\"@type\":\"SearchAction\",\"target\":{\"@type\":\"EntryPoint\",\"urlTemplate\":\"https:\\\/\\\/www.basecampvega.no\\\/?s={search_term_string}\"},\"query-input\":{\"@type\":\"PropertyValueSpecification\",\"valueRequired\":true,\"valueName\":\"search_term_string\"}}],\"inLanguage\":\"de\"},{\"@type\":\"Organization\",\"@id\":\"https:\\\/\\\/www.basecampvega.no\\\/#organization\",\"name\":\"Base Camp Vega\",\"url\":\"https:\\\/\\\/www.basecampvega.no\\\/\",\"logo\":{\"@type\":\"ImageObject\",\"inLanguage\":\"de\",\"@id\":\"https:\\\/\\\/www.basecampvega.no\\\/#\\\/schema\\\/logo\\\/image\\\/\",\"url\":\"https:\\\/\\\/basecampvega.no\\\/wp-content\\\/uploads\\\/2024\\\/04\\\/logobasecamp-scaled.png\",\"contentUrl\":\"https:\\\/\\\/basecampvega.no\\\/wp-content\\\/uploads\\\/2024\\\/04\\\/logobasecamp-scaled.png\",\"width\":2048,\"height\":2048,\"caption\":\"Base Camp Vega\"},\"image\":{\"@id\":\"https:\\\/\\\/www.basecampvega.no\\\/#\\\/schema\\\/logo\\\/image\\\/\"}}]}<\/script>\n<!-- \/ Yoast SEO plugin. -->","yoast_head_json":{"title":"Klettern Via Ferrata | Gr\u00fcne Route","description":"Buche eine gef\u00fchrte Klettertour auf der gr\u00fcnen Route der Ravnfloget Via Ferrata. Die Tour dauert knapp 4 Stunden und eignet sich f\u00fcr Gruppen von bis zu 12 Personen.","robots":{"index":"index","follow":"follow","max-snippet":"max-snippet:-1","max-image-preview":"max-image-preview:large","max-video-preview":"max-video-preview:-1"},"canonical":"https:\/\/basecampvega.no\/de\/buchung-grune-route\/","og_locale":"de_DE","og_type":"article","og_title":"Klatring Via Ferrata | Gr\u00f8nn l\u00f8ype","og_description":"Bestill guidet klatretur i Gr\u00f8nn l\u00f8ype i Ravnfloget Via Ferrata. Turen varer i underkant av 4 timer og passer for grupper opptil 12 personer.","og_url":"https:\/\/basecampvega.no\/de\/buchung-grune-route\/","og_site_name":"Base Camp Vega","article_modified_time":"2025-12-12T08:42:16+00:00","og_image":[{"width":2048,"height":1230,"url":"https:\/\/basecampvega.no\/wp-content\/uploads\/2025\/05\/opengraph-basecamp.jpg","type":"image\/jpeg"}],"twitter_card":"summary_large_image","twitter_misc":{"Gesch\u00e4tzte Lesezeit":"2\u00a0Minuten"},"schema":{"@context":"https:\/\/schema.org","@graph":[{"@type":"WebPage","@id":"https:\/\/basecampvega.no\/bestilling-gronn-loype\/","url":"https:\/\/basecampvega.no\/bestilling-gronn-loype\/","name":"Klettern Via Ferrata | Gr\u00fcne Route","isPartOf":{"@id":"https:\/\/www.basecampvega.no\/#website"},"primaryImageOfPage":{"@id":"https:\/\/basecampvega.no\/bestilling-gronn-loype\/#primaryimage"},"image":{"@id":"https:\/\/basecampvega.no\/bestilling-gronn-loype\/#primaryimage"},"thumbnailUrl":"https:\/\/basecampvega.no\/wp-content\/uploads\/2025\/05\/opengraph-basecamp.jpg","datePublished":"2025-04-15T14:50:23+00:00","dateModified":"2025-12-12T08:42:16+00:00","description":"Buche eine gef\u00fchrte Klettertour auf der gr\u00fcnen Route der Ravnfloget Via Ferrata. Die Tour dauert knapp 4 Stunden und eignet sich f\u00fcr Gruppen von bis zu 12 Personen.","breadcrumb":{"@id":"https:\/\/basecampvega.no\/bestilling-gronn-loype\/#breadcrumb"},"inLanguage":"de","potentialAction":[{"@type":"ReadAction","target":["https:\/\/basecampvega.no\/bestilling-gronn-loype\/"]}]},{"@type":"ImageObject","inLanguage":"de","@id":"https:\/\/basecampvega.no\/bestilling-gronn-loype\/#primaryimage","url":"https:\/\/basecampvega.no\/wp-content\/uploads\/2025\/05\/opengraph-basecamp.jpg","contentUrl":"https:\/\/basecampvega.no\/wp-content\/uploads\/2025\/05\/opengraph-basecamp.jpg","width":2048,"height":1230,"caption":"Opengraph bilde for Base Camp Vega"},{"@type":"BreadcrumbList","@id":"https:\/\/basecampvega.no\/bestilling-gronn-loype\/#breadcrumb","itemListElement":[{"@type":"ListItem","position":1,"name":"Hjem","item":"https:\/\/basecampvega.no\/"},{"@type":"ListItem","position":2,"name":"Bestilling Gr\u00f8nn l\u00f8ype"}]},{"@type":"WebSite","@id":"https:\/\/www.basecampvega.no\/#website","url":"https:\/\/www.basecampvega.no\/","name":"Base Camp Vega","description":"Overnatting og aktiviteter p\u00e5 Vega","publisher":{"@id":"https:\/\/www.basecampvega.no\/#organization"},"potentialAction":[{"@type":"SearchAction","target":{"@type":"EntryPoint","urlTemplate":"https:\/\/www.basecampvega.no\/?s={search_term_string}"},"query-input":{"@type":"PropertyValueSpecification","valueRequired":true,"valueName":"search_term_string"}}],"inLanguage":"de"},{"@type":"Organization","@id":"https:\/\/www.basecampvega.no\/#organization","name":"Base Camp Vega","url":"https:\/\/www.basecampvega.no\/","logo":{"@type":"ImageObject","inLanguage":"de","@id":"https:\/\/www.basecampvega.no\/#\/schema\/logo\/image\/","url":"https:\/\/basecampvega.no\/wp-content\/uploads\/2024\/04\/logobasecamp-scaled.png","contentUrl":"https:\/\/basecampvega.no\/wp-content\/uploads\/2024\/04\/logobasecamp-scaled.png","width":2048,"height":2048,"caption":"Base Camp Vega"},"image":{"@id":"https:\/\/www.basecampvega.no\/#\/schema\/logo\/image\/"}}]}},"_links":{"self":[{"href":"https:\/\/basecampvega.no\/de\/wp-json\/wp\/v2\/pages\/835","targetHints":{"allow":["GET"]}}],"collection":[{"href":"https:\/\/basecampvega.no\/de\/wp-json\/wp\/v2\/pages"}],"about":[{"href":"https:\/\/basecampvega.no\/de\/wp-json\/wp\/v2\/types\/page"}],"author":[{"embeddable":true,"href":"https:\/\/basecampvega.no\/de\/wp-json\/wp\/v2\/users\/1"}],"replies":[{"embeddable":true,"href":"https:\/\/basecampvega.no\/de\/wp-json\/wp\/v2\/comments?post=835"}],"version-history":[{"count":5,"href":"https:\/\/basecampvega.no\/de\/wp-json\/wp\/v2\/pages\/835\/revisions"}],"predecessor-version":[{"id":2741,"href":"https:\/\/basecampvega.no\/de\/wp-json\/wp\/v2\/pages\/835\/revisions\/2741"}],"wp:featuredmedia":[{"embeddable":true,"href":"https:\/\/basecampvega.no\/de\/wp-json\/wp\/v2\/media\/2118"}],"wp:attachment":[{"href":"https:\/\/basecampvega.no\/de\/wp-json\/wp\/v2\/media?parent=835"}],"curies":[{"name":"wp","href":"https:\/\/api.w.org\/{rel}","templated":true}]}}