{"id":836,"date":"2025-04-15T16:50:40","date_gmt":"2025-04-15T14:50:40","guid":{"rendered":"https:\/\/basecampvega.hornstaging.no\/?page_id=836"},"modified":"2025-12-12T09:42:50","modified_gmt":"2025-12-12T08:42:50","slug":"buchung-rote-route","status":"publish","type":"page","link":"https:\/\/basecampvega.no\/de\/bestilling-rod-loype\/","title":{"rendered":"Bestilling R\u00f8d l\u00f8ype"},"content":{"rendered":"<div data-elementor-type=\"wp-page\" data-elementor-id=\"836\" class=\"elementor elementor-836\" data-elementor-post-type=\"page\">\n\t\t\t\t<div class=\"elementor-element elementor-element-ba36c6b e-con-full e-flex e-con e-parent\" data-id=\"ba36c6b\" data-element_type=\"container\" data-e-type=\"container\" data-settings=\"{&quot;background_background&quot;:&quot;gradient&quot;}\">\n\t\t<div class=\"elementor-element elementor-element-11576aa e-con-full e-flex e-con e-child\" data-id=\"11576aa\" data-element_type=\"container\" data-e-type=\"container\" data-settings=\"{&quot;background_background&quot;:&quot;classic&quot;}\">\n\t\t<div class=\"elementor-element elementor-element-27a5cf1 e-flex e-con-boxed e-con e-child\" data-id=\"27a5cf1\" data-element_type=\"container\" data-e-type=\"container\">\n\t\t\t\t\t<div class=\"e-con-inner\">\n\t\t<div class=\"elementor-element elementor-element-9694714 e-con-full e-flex e-con e-child\" data-id=\"9694714\" data-element_type=\"container\" data-e-type=\"container\">\n\t\t\t\t<div class=\"elementor-element elementor-element-ce2ee8f elementor-widget-divider--view-line_text elementor-widget-divider--element-align-left elementor-widget__width-inherit elementor-invisible elementor-widget elementor-widget-divider\" data-id=\"ce2ee8f\" data-element_type=\"widget\" data-e-type=\"widget\" data-settings=\"{&quot;_animation&quot;:&quot;fadeIn&quot;}\" data-widget_type=\"divider.default\">\n\t\t\t\t<div class=\"elementor-widget-container\">\n\t\t\t\t\t\t\t<div class=\"elementor-divider\">\n\t\t\t<span class=\"elementor-divider-separator\">\n\t\t\t\t\t\t\t<span class=\"elementor-divider__text elementor-divider__element\">\n\t\t\t\tKlettern Via Ferrata\t\t\t\t<\/span>\n\t\t\t\t\t\t<\/span>\n\t\t<\/div>\n\t\t\t\t\t\t<\/div>\n\t\t\t\t<\/div>\n\t\t\t\t<div class=\"elementor-element elementor-element-f4539d5 elementor-widget__width-inherit elementor-widget-tablet__width-inherit elementor-invisible elementor-widget elementor-widget-heading\" data-id=\"f4539d5\" data-element_type=\"widget\" data-e-type=\"widget\" data-settings=\"{&quot;_animation&quot;:&quot;fadeIn&quot;,&quot;_animation_delay&quot;:200}\" data-widget_type=\"heading.default\">\n\t\t\t\t<div class=\"elementor-widget-container\">\n\t\t\t\t\t<h1 class=\"elementor-heading-title elementor-size-default\">Buchung rote Route<\/h1>\t\t\t\t<\/div>\n\t\t\t\t<\/div>\n\t\t\t\t<div class=\"elementor-element elementor-element-7db7948 elementor-widget__width-inherit elementor-widget-tablet__width-inherit elementor-invisible elementor-widget elementor-widget-text-editor\" data-id=\"7db7948\" data-element_type=\"widget\" data-e-type=\"widget\" data-settings=\"{&quot;_animation&quot;:&quot;fadeIn&quot;,&quot;_animation_delay&quot;:400}\" data-widget_type=\"text-editor.default\">\n\t\t\t\t<div class=\"elementor-widget-container\">\n\t\t\t\t\t\t\t\t\t<p>Kaufe Klettertickets f\u00fcr die rote Route.<\/p>\t\t\t\t\t\t\t\t<\/div>\n\t\t\t\t<\/div>\n\t\t<div class=\"elementor-element elementor-element-6c15a5c e-con-full e-flex e-con e-child\" data-id=\"6c15a5c\" data-element_type=\"container\" data-e-type=\"container\">\n\t\t\t\t<div class=\"elementor-element elementor-element-2a403a7 elementor-mobile-align-justify elementor-invisible elementor-widget elementor-widget-button\" data-id=\"2a403a7\" data-element_type=\"widget\" data-e-type=\"widget\" data-settings=\"{&quot;_animation&quot;:&quot;fadeIn&quot;,&quot;_animation_delay&quot;:600}\" data-widget_type=\"button.default\">\n\t\t\t\t<div class=\"elementor-widget-container\">\n\t\t\t\t\t\t\t\t\t<div class=\"elementor-button-wrapper\">\n\t\t\t\t\t<a class=\"elementor-button elementor-button-link elementor-size-sm\" href=\"https:\/\/basecampvega.cloudbooking.no\/en\/p\/Aktivitet\/Via%20Ferrata\/Via%20Ferrata%20-%20R%C3%B8d%20l%C3%B8ype-2086\" target=\"_blank\">\n\t\t\t\t\t\t<span class=\"elementor-button-content-wrapper\">\n\t\t\t\t\t\t\t\t\t<span class=\"elementor-button-text\">Klettertickets buchen<\/span>\n\t\t\t\t\t<\/span>\n\t\t\t\t\t<\/a>\n\t\t\t\t<\/div>\n\t\t\t\t\t\t\t\t<\/div>\n\t\t\t\t<\/div>\n\t\t\t\t<\/div>\n\t\t\t\t<div class=\"elementor-element elementor-element-78268be elementor-widget-divider--view-line elementor-invisible elementor-widget elementor-widget-divider\" data-id=\"78268be\" data-element_type=\"widget\" data-e-type=\"widget\" data-settings=\"{&quot;_animation&quot;:&quot;fadeIn&quot;,&quot;_animation_delay&quot;:600}\" data-widget_type=\"divider.default\">\n\t\t\t\t<div class=\"elementor-widget-container\">\n\t\t\t\t\t\t\t<div class=\"elementor-divider\">\n\t\t\t<span class=\"elementor-divider-separator\">\n\t\t\t\t\t\t<\/span>\n\t\t<\/div>\n\t\t\t\t\t\t<\/div>\n\t\t\t\t<\/div>\n\t\t\t\t<\/div>\n\t\t<div class=\"elementor-element elementor-element-0f9b11a e-con-full e-flex e-con e-child\" data-id=\"0f9b11a\" data-element_type=\"container\" data-e-type=\"container\">\n\t\t\t\t<div class=\"elementor-element elementor-element-8ff6811 elementor-shape-circle e-grid-align-right e-grid-align-tablet-left elementor-grid-0 elementor-invisible elementor-widget elementor-widget-social-icons\" data-id=\"8ff6811\" data-element_type=\"widget\" data-e-type=\"widget\" data-settings=\"{&quot;_animation&quot;:&quot;fadeIn&quot;,&quot;_animation_delay&quot;:600}\" data-widget_type=\"social-icons.default\">\n\t\t\t\t<div class=\"elementor-widget-container\">\n\t\t\t\t\t\t\t<div class=\"elementor-social-icons-wrapper elementor-grid\" role=\"list\">\n\t\t\t\t\t\t\t<span class=\"elementor-grid-item\" role=\"listitem\">\n\t\t\t\t\t<a class=\"elementor-icon elementor-social-icon elementor-social-icon-facebook-f elementor-repeater-item-913587e\" href=\"https:\/\/www.facebook.com\/basecampvega\" target=\"_blank\">\n\t\t\t\t\t\t<span class=\"elementor-screen-only\">Facebook-f<\/span>\n\t\t\t\t\t\t<svg aria-hidden=\"true\" class=\"e-font-icon-svg e-fab-facebook-f\" viewbox=\"0 0 320 512\" xmlns=\"http:\/\/www.w3.org\/2000\/svg\"><path d=\"M279.14 288l14.22-92.66h-88.91v-60.13c0-25.35 12.42-50.06 52.24-50.06h40.42V6.26S260.43 0 225.36 0c-73.22 0-121.08 44.38-121.08 124.72v70.62H22.89V288h81.39v224h100.17V288z\"><\/path><\/svg>\t\t\t\t\t<\/a>\n\t\t\t\t<\/span>\n\t\t\t\t\t\t\t<span class=\"elementor-grid-item\" role=\"listitem\">\n\t\t\t\t\t<a class=\"elementor-icon elementor-social-icon elementor-social-icon-instagram elementor-repeater-item-b2219bd\" href=\"https:\/\/www.instagram.com\/basecamp.vega\/\" target=\"_blank\">\n\t\t\t\t\t\t<span class=\"elementor-screen-only\">Instagram<\/span>\n\t\t\t\t\t\t<svg aria-hidden=\"true\" class=\"e-font-icon-svg e-fab-instagram\" viewbox=\"0 0 448 512\" xmlns=\"http:\/\/www.w3.org\/2000\/svg\"><path d=\"M224.1 141c-63.6 0-114.9 51.3-114.9 114.9s51.3 114.9 114.9 114.9S339 319.5 339 255.9 287.7 141 224.1 141zm0 189.6c-41.1 0-74.7-33.5-74.7-74.7s33.5-74.7 74.7-74.7 74.7 33.5 74.7 74.7-33.6 74.7-74.7 74.7zm146.4-194.3c0 14.9-12 26.8-26.8 26.8-14.9 0-26.8-12-26.8-26.8s12-26.8 26.8-26.8 26.8 12 26.8 26.8zm76.1 27.2c-1.7-35.9-9.9-67.7-36.2-93.9-26.2-26.2-58-34.4-93.9-36.2-37-2.1-147.9-2.1-184.9 0-35.8 1.7-67.6 9.9-93.9 36.1s-34.4 58-36.2 93.9c-2.1 37-2.1 147.9 0 184.9 1.7 35.9 9.9 67.7 36.2 93.9s58 34.4 93.9 36.2c37 2.1 147.9 2.1 184.9 0 35.9-1.7 67.7-9.9 93.9-36.2 26.2-26.2 34.4-58 36.2-93.9 2.1-37 2.1-147.8 0-184.8zM398.8 388c-7.8 19.6-22.9 34.7-42.6 42.6-29.5 11.7-99.5 9-132.1 9s-102.7 2.6-132.1-9c-19.6-7.8-34.7-22.9-42.6-42.6-11.7-29.5-9-99.5-9-132.1s-2.6-102.7 9-132.1c7.8-19.6 22.9-34.7 42.6-42.6 29.5-11.7 99.5-9 132.1-9s102.7-2.6 132.1 9c19.6 7.8 34.7 22.9 42.6 42.6 11.7 29.5 9 99.5 9 132.1s2.7 102.7-9 132.1z\"><\/path><\/svg>\t\t\t\t\t<\/a>\n\t\t\t\t<\/span>\n\t\t\t\t\t<\/div>\n\t\t\t\t\t\t<\/div>\n\t\t\t\t<\/div>\n\t\t\t\t<\/div>\n\t\t\t\t\t<\/div>\n\t\t\t\t<\/div>\n\t\t\t\t<\/div>\n\t\t\t\t<\/div>\n\t\t<div class=\"elementor-element elementor-element-926c253 e-flex e-con-boxed e-con e-parent\" data-id=\"926c253\" data-element_type=\"container\" data-e-type=\"container\" data-settings=\"{&quot;background_background&quot;:&quot;classic&quot;}\">\n\t\t\t\t\t<div class=\"e-con-inner\">\n\t\t<div class=\"elementor-element elementor-element-1f51f03 e-con-full e-flex e-con e-child\" data-id=\"1f51f03\" data-element_type=\"container\" data-e-type=\"container\">\n\t\t\t\t<div class=\"elementor-element elementor-element-4079a59 elementor-widget-divider--view-line_text elementor-widget-divider--element-align-left elementor-widget__width-inherit elementor-invisible elementor-widget elementor-widget-divider\" data-id=\"4079a59\" data-element_type=\"widget\" data-e-type=\"widget\" data-settings=\"{&quot;_animation&quot;:&quot;fadeIn&quot;}\" data-widget_type=\"divider.default\">\n\t\t\t\t<div class=\"elementor-widget-container\">\n\t\t\t\t\t\t\t<div class=\"elementor-divider\">\n\t\t\t<span class=\"elementor-divider-separator\">\n\t\t\t\t\t\t\t<span class=\"elementor-divider__text elementor-divider__element\">\n\t\t\t\tKlettern\t\t\t\t<\/span>\n\t\t\t\t\t\t<\/span>\n\t\t<\/div>\n\t\t\t\t\t\t<\/div>\n\t\t\t\t<\/div>\n\t\t\t\t<div class=\"elementor-element elementor-element-3f05bac elementor-widget__width-inherit elementor-invisible elementor-widget elementor-widget-heading\" data-id=\"3f05bac\" data-element_type=\"widget\" data-e-type=\"widget\" data-settings=\"{&quot;_animation&quot;:&quot;fadeIn&quot;,&quot;_animation_delay&quot;:200}\" data-widget_type=\"heading.default\">\n\t\t\t\t<div class=\"elementor-widget-container\">\n\t\t\t\t\t<h2 class=\"elementor-heading-title elementor-size-default\">Kaufe hier Klettertickets f\u00fcr die rote Route<\/h2>\t\t\t\t<\/div>\n\t\t\t\t<\/div>\n\t\t\t\t<div class=\"elementor-element elementor-element-b5909b9 elementor-invisible elementor-widget elementor-widget-text-editor\" data-id=\"b5909b9\" data-element_type=\"widget\" data-e-type=\"widget\" data-settings=\"{&quot;_animation&quot;:&quot;fadeIn&quot;,&quot;_animation_delay&quot;:400}\" data-widget_type=\"text-editor.default\">\n\t\t\t\t<div class=\"elementor-widget-container\">\n\t\t\t\t\t\t\t\t\t<p>Hinweis: Die Direktbuchung der roten Route ist derzeit gestoppt. Diese Klettertouren werden nur noch auf Anfrage organisiert.<\/p><p>Bitte kontaktiere uns per E-Mail an <a href=\"mailto:info@basecampvega.no\">info@basecampvega.no<\/a> oder telefonisch unter <a href=\"tel:+4746832540\">+47 468 32 540<\/a> um eine Tour zu vereinbaren.<\/p><p>Einzelne Touren werden hier ver\u00f6ffentlicht, sobald gen\u00fcgend Interesse besteht.<\/p>\t\t\t\t\t\t\t\t<\/div>\n\t\t\t\t<\/div>\n\t\t\t\t<div class=\"elementor-element elementor-element-ab74404 elementor-mobile-align-justify elementor-invisible elementor-widget elementor-widget-button\" data-id=\"ab74404\" data-element_type=\"widget\" data-e-type=\"widget\" data-settings=\"{&quot;_animation&quot;:&quot;fadeIn&quot;,&quot;_animation_delay&quot;:600}\" data-widget_type=\"button.default\">\n\t\t\t\t<div class=\"elementor-widget-container\">\n\t\t\t\t\t\t\t\t\t<div class=\"elementor-button-wrapper\">\n\t\t\t\t\t<a class=\"elementor-button elementor-button-link elementor-size-sm\" href=\"https:\/\/basecampvega.cloudbooking.no\/en\/p\/Aktivitet\/Via%20Ferrata\/Via%20Ferrata%20-%20R%C3%B8d%20l%C3%B8ype-2086\" target=\"_blank\">\n\t\t\t\t\t\t<span class=\"elementor-button-content-wrapper\">\n\t\t\t\t\t\t\t\t\t<span class=\"elementor-button-text\">Klettertickets buchen<\/span>\n\t\t\t\t\t<\/span>\n\t\t\t\t\t<\/a>\n\t\t\t\t<\/div>\n\t\t\t\t\t\t\t\t<\/div>\n\t\t\t\t<\/div>\n\t\t\t\t<\/div>\n\t\t<div class=\"elementor-element elementor-element-0fa5602 e-con-full e-flex e-con e-child\" data-id=\"0fa5602\" data-element_type=\"container\" data-e-type=\"container\">\n\t\t\t\t<div class=\"elementor-element elementor-element-8f028c5 elementor-widget elementor-widget-image\" data-id=\"8f028c5\" data-element_type=\"widget\" data-e-type=\"widget\" data-widget_type=\"image.default\">\n\t\t\t\t<div class=\"elementor-widget-container\">\n\t\t\t\t\t\t\t\t\t\t\t\t\t\t\t<img fetchpriority=\"high\" decoding=\"async\" width=\"773\" height=\"1030\" src=\"https:\/\/basecampvega.no\/wp-content\/uploads\/2025\/04\/PA010489-scaled-e1637935482576-773x1030-1.jpg\" class=\"attachment-full size-full wp-image-1556\" alt=\"Direktebooking av R\u00f8d l\u00f8ype er stengt. Ta kontakt for \u00e5 avtale en utfordrende og guidet klatretur i vakker natur.\" srcset=\"https:\/\/basecampvega.no\/wp-content\/uploads\/2025\/04\/PA010489-scaled-e1637935482576-773x1030-1.jpg 773w, https:\/\/basecampvega.no\/wp-content\/uploads\/2025\/04\/PA010489-scaled-e1637935482576-773x1030-1-225x300.jpg 225w, https:\/\/basecampvega.no\/wp-content\/uploads\/2025\/04\/PA010489-scaled-e1637935482576-773x1030-1-768x1023.jpg 768w\" sizes=\"(max-width: 773px) 100vw, 773px\" \/>\t\t\t\t\t\t\t\t\t\t\t\t\t\t\t<\/div>\n\t\t\t\t<\/div>\n\t\t\t\t<\/div>\n\t\t\t\t\t<\/div>\n\t\t\t\t<\/div>\n\t\t\t\t<\/div>","protected":false},"excerpt":{"rendered":"<p>Klatring Via Ferrata Bestilling r\u00f8d l\u00f8ype Kj\u00f8p klatrebilletter til R\u00f8d l\u00f8ype. Bestill klatrebilletter Facebook-f Instagram Klatring Kj\u00f8p klatrebilletter til R\u00f8d l\u00f8ype her NB! Vi har n\u00e5 stoppet direktebooking av R\u00f8d l\u00f8ype. Disse klatreturene settes n\u00e5 opp bare p\u00e5 foresp\u00f8rsel. Ta kontakt p\u00e5 mail info@basecampvega.no eller p\u00e5 telefon +47 468 32 540 for \u00e5 avtale tur. [&hellip;]<\/p>\n","protected":false},"author":1,"featured_media":2118,"parent":0,"menu_order":0,"comment_status":"closed","ping_status":"closed","template":"","meta":{"footnotes":""},"class_list":["post-836","page","type-page","status-publish","has-post-thumbnail","hentry"],"yoast_head":"<!-- This site is optimized with the Yoast SEO plugin v27.3 - https:\/\/yoast.com\/product\/yoast-seo-wordpress\/ -->\n<title>Via Ferrata R\u00f8d l\u00f8ype | Base Camp Vega<\/title>\n<meta name=\"description\" content=\"R\u00f8d l\u00f8ype klatres n\u00e5 kun p\u00e5 foresp\u00f8rsel. Kontakt Base Camp Vega for \u00e5 avtale guidet tur i Ravnfloget Via Ferrata.\" \/>\n<meta name=\"robots\" content=\"index, follow, max-snippet:-1, max-image-preview:large, max-video-preview:-1\" \/>\n<link rel=\"canonical\" href=\"https:\/\/basecampvega.no\/de\/buchung-rote-route\/\" \/>\n<meta property=\"og:locale\" content=\"de_DE\" \/>\n<meta property=\"og:type\" content=\"article\" \/>\n<meta property=\"og:title\" content=\"Via Ferrata R\u00f8d l\u00f8ype | Base Camp Vega\" \/>\n<meta property=\"og:description\" content=\"R\u00f8d l\u00f8ype klatres n\u00e5 kun p\u00e5 foresp\u00f8rsel. Kontakt Base Camp Vega for \u00e5 avtale guidet tur i Ravnfloget Via Ferrata.\" \/>\n<meta property=\"og:url\" content=\"https:\/\/basecampvega.no\/de\/buchung-rote-route\/\" \/>\n<meta property=\"og:site_name\" content=\"Base Camp Vega\" \/>\n<meta property=\"article:modified_time\" content=\"2025-12-12T08:42:50+00:00\" \/>\n<meta property=\"og:image\" content=\"https:\/\/basecampvega.no\/wp-content\/uploads\/2025\/05\/opengraph-basecamp.jpg\" \/>\n\t<meta property=\"og:image:width\" content=\"2048\" \/>\n\t<meta property=\"og:image:height\" content=\"1230\" \/>\n\t<meta property=\"og:image:type\" content=\"image\/jpeg\" \/>\n<meta name=\"twitter:card\" content=\"summary_large_image\" \/>\n<meta name=\"twitter:label1\" content=\"Gesch\u00e4tzte Lesezeit\" \/>\n\t<meta name=\"twitter:data1\" content=\"1\u00a0Minute\" \/>\n<script type=\"application\/ld+json\" class=\"yoast-schema-graph\">{\"@context\":\"https:\\\/\\\/schema.org\",\"@graph\":[{\"@type\":\"WebPage\",\"@id\":\"https:\\\/\\\/basecampvega.no\\\/bestilling-rod-loype\\\/\",\"url\":\"https:\\\/\\\/basecampvega.no\\\/bestilling-rod-loype\\\/\",\"name\":\"Via Ferrata R\u00f8d l\u00f8ype | Base Camp Vega\",\"isPartOf\":{\"@id\":\"https:\\\/\\\/www.basecampvega.no\\\/#website\"},\"primaryImageOfPage\":{\"@id\":\"https:\\\/\\\/basecampvega.no\\\/bestilling-rod-loype\\\/#primaryimage\"},\"image\":{\"@id\":\"https:\\\/\\\/basecampvega.no\\\/bestilling-rod-loype\\\/#primaryimage\"},\"thumbnailUrl\":\"https:\\\/\\\/basecampvega.no\\\/wp-content\\\/uploads\\\/2025\\\/05\\\/opengraph-basecamp.jpg\",\"datePublished\":\"2025-04-15T14:50:40+00:00\",\"dateModified\":\"2025-12-12T08:42:50+00:00\",\"description\":\"R\u00f8d l\u00f8ype klatres n\u00e5 kun p\u00e5 foresp\u00f8rsel. Kontakt Base Camp Vega for \u00e5 avtale guidet tur i Ravnfloget Via Ferrata.\",\"breadcrumb\":{\"@id\":\"https:\\\/\\\/basecampvega.no\\\/bestilling-rod-loype\\\/#breadcrumb\"},\"inLanguage\":\"de\",\"potentialAction\":[{\"@type\":\"ReadAction\",\"target\":[\"https:\\\/\\\/basecampvega.no\\\/bestilling-rod-loype\\\/\"]}]},{\"@type\":\"ImageObject\",\"inLanguage\":\"de\",\"@id\":\"https:\\\/\\\/basecampvega.no\\\/bestilling-rod-loype\\\/#primaryimage\",\"url\":\"https:\\\/\\\/basecampvega.no\\\/wp-content\\\/uploads\\\/2025\\\/05\\\/opengraph-basecamp.jpg\",\"contentUrl\":\"https:\\\/\\\/basecampvega.no\\\/wp-content\\\/uploads\\\/2025\\\/05\\\/opengraph-basecamp.jpg\",\"width\":2048,\"height\":1230,\"caption\":\"Opengraph bilde for Base Camp Vega\"},{\"@type\":\"BreadcrumbList\",\"@id\":\"https:\\\/\\\/basecampvega.no\\\/bestilling-rod-loype\\\/#breadcrumb\",\"itemListElement\":[{\"@type\":\"ListItem\",\"position\":1,\"name\":\"Hjem\",\"item\":\"https:\\\/\\\/basecampvega.no\\\/\"},{\"@type\":\"ListItem\",\"position\":2,\"name\":\"Bestilling R\u00f8d l\u00f8ype\"}]},{\"@type\":\"WebSite\",\"@id\":\"https:\\\/\\\/www.basecampvega.no\\\/#website\",\"url\":\"https:\\\/\\\/www.basecampvega.no\\\/\",\"name\":\"Base Camp Vega\",\"description\":\"Overnatting og aktiviteter p\u00e5 Vega\",\"publisher\":{\"@id\":\"https:\\\/\\\/www.basecampvega.no\\\/#organization\"},\"potentialAction\":[{\"@type\":\"SearchAction\",\"target\":{\"@type\":\"EntryPoint\",\"urlTemplate\":\"https:\\\/\\\/www.basecampvega.no\\\/?s={search_term_string}\"},\"query-input\":{\"@type\":\"PropertyValueSpecification\",\"valueRequired\":true,\"valueName\":\"search_term_string\"}}],\"inLanguage\":\"de\"},{\"@type\":\"Organization\",\"@id\":\"https:\\\/\\\/www.basecampvega.no\\\/#organization\",\"name\":\"Base Camp Vega\",\"url\":\"https:\\\/\\\/www.basecampvega.no\\\/\",\"logo\":{\"@type\":\"ImageObject\",\"inLanguage\":\"de\",\"@id\":\"https:\\\/\\\/www.basecampvega.no\\\/#\\\/schema\\\/logo\\\/image\\\/\",\"url\":\"https:\\\/\\\/basecampvega.no\\\/wp-content\\\/uploads\\\/2024\\\/04\\\/logobasecamp-scaled.png\",\"contentUrl\":\"https:\\\/\\\/basecampvega.no\\\/wp-content\\\/uploads\\\/2024\\\/04\\\/logobasecamp-scaled.png\",\"width\":2048,\"height\":2048,\"caption\":\"Base Camp Vega\"},\"image\":{\"@id\":\"https:\\\/\\\/www.basecampvega.no\\\/#\\\/schema\\\/logo\\\/image\\\/\"}}]}<\/script>\n<!-- \/ Yoast SEO plugin. -->","yoast_head_json":{"title":"Via Ferrata Rote Route | Base Camp Vega","description":"Die rote Route wird derzeit nur auf Anfrage geklettert. Kontaktiere Base Camp Vega, um eine gef\u00fchrte Tour auf der Ravnfloget Via Ferrata zu vereinbaren.","robots":{"index":"index","follow":"follow","max-snippet":"max-snippet:-1","max-image-preview":"max-image-preview:large","max-video-preview":"max-video-preview:-1"},"canonical":"https:\/\/basecampvega.no\/de\/buchung-rote-route\/","og_locale":"de_DE","og_type":"article","og_title":"Via Ferrata R\u00f8d l\u00f8ype | Base Camp Vega","og_description":"R\u00f8d l\u00f8ype klatres n\u00e5 kun p\u00e5 foresp\u00f8rsel. Kontakt Base Camp Vega for \u00e5 avtale guidet tur i Ravnfloget Via Ferrata.","og_url":"https:\/\/basecampvega.no\/de\/buchung-rote-route\/","og_site_name":"Base Camp Vega","article_modified_time":"2025-12-12T08:42:50+00:00","og_image":[{"width":2048,"height":1230,"url":"https:\/\/basecampvega.no\/wp-content\/uploads\/2025\/05\/opengraph-basecamp.jpg","type":"image\/jpeg"}],"twitter_card":"summary_large_image","twitter_misc":{"Gesch\u00e4tzte Lesezeit":"1\u00a0Minute"},"schema":{"@context":"https:\/\/schema.org","@graph":[{"@type":"WebPage","@id":"https:\/\/basecampvega.no\/bestilling-rod-loype\/","url":"https:\/\/basecampvega.no\/bestilling-rod-loype\/","name":"Via Ferrata Rote Route | Base Camp Vega","isPartOf":{"@id":"https:\/\/www.basecampvega.no\/#website"},"primaryImageOfPage":{"@id":"https:\/\/basecampvega.no\/bestilling-rod-loype\/#primaryimage"},"image":{"@id":"https:\/\/basecampvega.no\/bestilling-rod-loype\/#primaryimage"},"thumbnailUrl":"https:\/\/basecampvega.no\/wp-content\/uploads\/2025\/05\/opengraph-basecamp.jpg","datePublished":"2025-04-15T14:50:40+00:00","dateModified":"2025-12-12T08:42:50+00:00","description":"Die rote Route wird derzeit nur auf Anfrage geklettert. Kontaktiere Base Camp Vega, um eine gef\u00fchrte Tour auf der Ravnfloget Via Ferrata zu vereinbaren.","breadcrumb":{"@id":"https:\/\/basecampvega.no\/bestilling-rod-loype\/#breadcrumb"},"inLanguage":"de","potentialAction":[{"@type":"ReadAction","target":["https:\/\/basecampvega.no\/bestilling-rod-loype\/"]}]},{"@type":"ImageObject","inLanguage":"de","@id":"https:\/\/basecampvega.no\/bestilling-rod-loype\/#primaryimage","url":"https:\/\/basecampvega.no\/wp-content\/uploads\/2025\/05\/opengraph-basecamp.jpg","contentUrl":"https:\/\/basecampvega.no\/wp-content\/uploads\/2025\/05\/opengraph-basecamp.jpg","width":2048,"height":1230,"caption":"Opengraph bilde for Base Camp Vega"},{"@type":"BreadcrumbList","@id":"https:\/\/basecampvega.no\/bestilling-rod-loype\/#breadcrumb","itemListElement":[{"@type":"ListItem","position":1,"name":"Hjem","item":"https:\/\/basecampvega.no\/"},{"@type":"ListItem","position":2,"name":"Bestilling R\u00f8d l\u00f8ype"}]},{"@type":"WebSite","@id":"https:\/\/www.basecampvega.no\/#website","url":"https:\/\/www.basecampvega.no\/","name":"Base Camp Vega","description":"Overnatting og aktiviteter p\u00e5 Vega","publisher":{"@id":"https:\/\/www.basecampvega.no\/#organization"},"potentialAction":[{"@type":"SearchAction","target":{"@type":"EntryPoint","urlTemplate":"https:\/\/www.basecampvega.no\/?s={search_term_string}"},"query-input":{"@type":"PropertyValueSpecification","valueRequired":true,"valueName":"search_term_string"}}],"inLanguage":"de"},{"@type":"Organization","@id":"https:\/\/www.basecampvega.no\/#organization","name":"Base Camp Vega","url":"https:\/\/www.basecampvega.no\/","logo":{"@type":"ImageObject","inLanguage":"de","@id":"https:\/\/www.basecampvega.no\/#\/schema\/logo\/image\/","url":"https:\/\/basecampvega.no\/wp-content\/uploads\/2024\/04\/logobasecamp-scaled.png","contentUrl":"https:\/\/basecampvega.no\/wp-content\/uploads\/2024\/04\/logobasecamp-scaled.png","width":2048,"height":2048,"caption":"Base Camp Vega"},"image":{"@id":"https:\/\/www.basecampvega.no\/#\/schema\/logo\/image\/"}}]}},"_links":{"self":[{"href":"https:\/\/basecampvega.no\/de\/wp-json\/wp\/v2\/pages\/836","targetHints":{"allow":["GET"]}}],"collection":[{"href":"https:\/\/basecampvega.no\/de\/wp-json\/wp\/v2\/pages"}],"about":[{"href":"https:\/\/basecampvega.no\/de\/wp-json\/wp\/v2\/types\/page"}],"author":[{"embeddable":true,"href":"https:\/\/basecampvega.no\/de\/wp-json\/wp\/v2\/users\/1"}],"replies":[{"embeddable":true,"href":"https:\/\/basecampvega.no\/de\/wp-json\/wp\/v2\/comments?post=836"}],"version-history":[{"count":5,"href":"https:\/\/basecampvega.no\/de\/wp-json\/wp\/v2\/pages\/836\/revisions"}],"predecessor-version":[{"id":2744,"href":"https:\/\/basecampvega.no\/de\/wp-json\/wp\/v2\/pages\/836\/revisions\/2744"}],"wp:featuredmedia":[{"embeddable":true,"href":"https:\/\/basecampvega.no\/de\/wp-json\/wp\/v2\/media\/2118"}],"wp:attachment":[{"href":"https:\/\/basecampvega.no\/de\/wp-json\/wp\/v2\/media?parent=836"}],"curies":[{"name":"wp","href":"https:\/\/api.w.org\/{rel}","templated":true}]}}